{"id":3,"date":"2021-02-02T06:42:18","date_gmt":"2021-02-02T06:42:18","guid":{"rendered":"https:\/\/honorata-skarbek.com\/?page_id=3"},"modified":"2023-08-18T13:23:02","modified_gmt":"2023-08-18T13:23:02","slug":"politique-de-confidentialite","status":"publish","type":"page","link":"https:\/\/honorata-skarbek.com\/be\/politique-de-confidentialite\/","title":{"rendered":"Politique de confidentialit\u00e9"},"content":{"rendered":"<div id=\"ez-toc-container\" class=\"ez-toc-v2_0_82_2 counter-hierarchy ez-toc-counter ez-toc-light-blue ez-toc-container-direction\">\n<p class=\"ez-toc-title\" style=\"cursor:inherit\">Table des mati\u00e8res<\/p>\n<label for=\"ez-toc-cssicon-toggle-item-69f16d6e01d4d\" class=\"ez-toc-cssicon-toggle-label\"><span class=\"\"><span class=\"eztoc-hide\" style=\"display:none;\">Toggle<\/span><span class=\"ez-toc-icon-toggle-span\"><svg style=\"fill: #999;color:#999\" xmlns=\"http:\/\/www.w3.org\/2000\/svg\" class=\"list-377408\" width=\"20px\" height=\"20px\" viewbox=\"0 0 24 24\" fill=\"none\"><path d=\"M6 6H4v2h2V6zm14 0H8v2h12V6zM4 11h2v2H4v-2zm16 0H8v2h12v-2zM4 16h2v2H4v-2zm16 0H8v2h12v-2z\" fill=\"currentColor\"><\/path><\/svg><svg style=\"fill: #999;color:#999\" class=\"arrow-unsorted-368013\" xmlns=\"http:\/\/www.w3.org\/2000\/svg\" width=\"10px\" height=\"10px\" viewbox=\"0 0 24 24\" version=\"1.2\" baseprofile=\"tiny\"><path d=\"M18.2 9.3l-6.2-6.3-6.2 6.3c-.2.2-.3.4-.3.7s.1.5.3.7c.2.2.4.3.7.3h11c.3 0 .5-.1.7-.3.2-.2.3-.5.3-.7s-.1-.5-.3-.7zM5.8 14.7l6.2 6.3 6.2-6.3c.2-.2.3-.5.3-.7s-.1-.5-.3-.7c-.2-.2-.4-.3-.7-.3h-11c-.3 0-.5.1-.7.3-.2.2-.3.5-.3.7s.1.5.3.7z\"\/><\/svg><\/span><\/span><\/label><input type=\"checkbox\"  id=\"ez-toc-cssicon-toggle-item-69f16d6e01d4d\" checked aria-label=\"Toggle\" \/><nav><ul class='ez-toc-list ez-toc-list-level-1' ><li class='ez-toc-page-1 ez-toc-heading-level-2'><a class=\"ez-toc-link ez-toc-heading-1\" href=\"https:\/\/honorata-skarbek.com\/be\/politique-de-confidentialite\/#Gromadzenie_informacji_i_ochrona_danych_osobowych\" >Collecte d'informations et protection des donn\u00e9es personnelles<\/a><\/li><li class='ez-toc-page-1 ez-toc-heading-level-2'><a class=\"ez-toc-link ez-toc-heading-2\" href=\"https:\/\/honorata-skarbek.com\/be\/politique-de-confidentialite\/#Komentarze\" >Commentaires<\/a><\/li><li class='ez-toc-page-1 ez-toc-heading-level-2'><a class=\"ez-toc-link ez-toc-heading-3\" href=\"https:\/\/honorata-skarbek.com\/be\/politique-de-confidentialite\/#Formularz_kontaktowy\" >Formulaire de contact<\/a><\/li><li class='ez-toc-page-1 ez-toc-heading-level-2'><a class=\"ez-toc-link ez-toc-heading-4\" href=\"https:\/\/honorata-skarbek.com\/be\/politique-de-confidentialite\/#Pliki_cookies\" >Cookies<\/a><\/li><li class='ez-toc-page-1 ez-toc-heading-level-2'><a class=\"ez-toc-link ez-toc-heading-5\" href=\"https:\/\/honorata-skarbek.com\/be\/politique-de-confidentialite\/#Prawo_dostepu_do_danych\" >Droit d'acc\u00e8s aux donn\u00e9es<\/a><\/li><li class='ez-toc-page-1 ez-toc-heading-level-2'><a class=\"ez-toc-link ez-toc-heading-6\" href=\"https:\/\/honorata-skarbek.com\/be\/politique-de-confidentialite\/#Logi_serwera\" >Journaux du serveur<\/a><\/li><li class='ez-toc-page-1 ez-toc-heading-level-2'><a class=\"ez-toc-link ez-toc-heading-7\" href=\"https:\/\/honorata-skarbek.com\/be\/politique-de-confidentialite\/#Zgoda\" >Consentement<\/a><\/li><\/ul><\/nav><\/div>\n\n<p>Politique de confidentialit\u00e9<\/p>\n\n\n\n<p>Pour votre s\u00e9curit\u00e9 et votre vie priv\u00e9e, nous avons pr\u00e9par\u00e9 un document dans lequel vous trouverez les r\u00e8gles relatives au traitement des donn\u00e9es personnelles et \u00e0 l'utilisation des cookies dans le cadre de l'utilisation du site web https:\/\/honorata-skarbek.com\/.<\/p>\n\n\n\n<h2 class=\"wp-block-heading\"><span class=\"ez-toc-section\" id=\"Gromadzenie_informacji_i_ochrona_danych_osobowych\"><\/span><strong>Collecte d'informations et protection des donn\u00e9es personnelles<\/strong><span class=\"ez-toc-section-end\"><\/span><\/h2>\n\n\n\n<p>Le site web est conforme \u00e0 la l\u00e9gislation en vigueur en mati\u00e8re de protection des donn\u00e9es et son administrateur s'engage \u00e0 veiller \u00e0 ce que toutes les personnes qui utilisent le site web se sentent en s\u00e9curit\u00e9.<\/p>\n\n\n\n<p>Les donn\u00e9es personnelles fournies seront d\u00fbment prot\u00e9g\u00e9es afin qu'elles ne tombent pas entre les mains de personnes non autoris\u00e9es. Elles ne seront pas non plus transf\u00e9r\u00e9es, revendues ou utilis\u00e9es \u00e0 mauvais escient. Veuillez noter que la fourniture de donn\u00e9es personnelles est toujours volontaire, mais qu'elle est \u00e9galement n\u00e9cessaire pour ajouter un commentaire sur le blog ou pour nous contacter via le formulaire de contact.<\/p>\n\n\n\n<h2 class=\"wp-block-heading\"><span class=\"ez-toc-section\" id=\"Komentarze\"><\/span><strong>Commentaires<\/strong><span class=\"ez-toc-section-end\"><\/span><\/h2>\n\n\n\n<p>Lorsqu'un visiteur du site laisse un commentaire, nous recueillons les donn\u00e9es visibles dans le formulaire de commentaire, ainsi que l'adresse IP et la signature du navigateur du visiteur, afin de faciliter la d\u00e9tection des spams. Laisser un commentaire est enti\u00e8rement volontaire. Toutefois, en choisissant de laisser un commentaire, vous consentez au traitement des donn\u00e9es personnelles que vous fournissez.<\/p>\n\n\n\n<h2 class=\"wp-block-heading\"><span class=\"ez-toc-section\" id=\"Formularz_kontaktowy\"><\/span><strong>Formulaire de contact<\/strong><span class=\"ez-toc-section-end\"><\/span><\/h2>\n\n\n\n<p>Le blog comporte un formulaire de contact, \u00e0 l'adresse https:\/\/honorata-skarbek.com\/kontakt\/, que vous pouvez utiliser pour nous contacter. Remplir le formulaire de contact n\u00e9cessite la soumission de donn\u00e9es personnelles, qui sont utilis\u00e9es pour contacter la personne qui soumet le formulaire afin de r\u00e9pondre \u00e0 la demande de renseignements ou \u00e0 la requ\u00eate. Les informations envoy\u00e9es par le biais du formulaire sont conserv\u00e9es par nos soins \u00e0 des fins de service \u00e0 la client\u00e8le pour une dur\u00e9e ind\u00e9termin\u00e9e, mais les informations obtenues de cette mani\u00e8re ne sont pas utilis\u00e9es \u00e0 des fins de marketing.<\/p>\n\n\n\n<h2 class=\"wp-block-heading\"><span class=\"ez-toc-section\" id=\"Pliki_cookies\"><\/span><strong>Cookies<\/strong><span class=\"ez-toc-section-end\"><\/span><\/h2>\n\n\n\n<p>Le site web utilise des cookies, qui sont utilis\u00e9s pour personnaliser le contenu des pages du site web afin d'afficher la page correctement sur l'appareil de l'utilisateur, pour cr\u00e9er des statistiques qui nous aident \u00e0 comprendre comment les utilisateurs du site web utilisent les sites web et quelles sont les pages du site web les plus populaires, et pour fournir aux utilisateurs un contenu publicitaire en fonction de leurs int\u00e9r\u00eats.<\/p>\n\n\n\n<p>Lorsque vous visitez le blog pour la premi\u00e8re fois, un avis concernant l'utilisation de cookies s'affiche. En acceptant cet avis, vous consentez \u00e0 l'utilisation de cookies conform\u00e9ment aux dispositions de la pr\u00e9sente politique de confidentialit\u00e9. Vous pouvez toujours retirer ce consentement. Pour ce faire, veuillez supprimer les cookies et modifier les param\u00e8tres des cookies dans votre navigateur.<\/p>\n\n\n\n<p>Les cookies utilis\u00e9s ne stockent pas de donn\u00e9es personnelles ou d'autres informations collect\u00e9es aupr\u00e8s des utilisateurs et ne sont collect\u00e9s qu'\u00e0 des fins statistiques.<\/p>\n\n\n\n<p>Le blog utilise les types de cookies suivants :<\/p>\n\n\n\n<ul class=\"wp-block-list\">\n<li>Essentiels - les cookies contribuent \u00e0 la convivialit\u00e9 du site web en permettant des fonctions de base telles que la navigation sur le site et l'acc\u00e8s aux zones s\u00e9curis\u00e9es du site web. Le site web ne peut pas fonctionner correctement sans ces cookies.<\/li>\n\n\n\n<li>Pr\u00e9f\u00e9rences - les cookies contribuent \u00e0 la convivialit\u00e9 du site web en permettant des fonctions de base telles que la navigation sur le site et l'acc\u00e8s aux zones s\u00e9curis\u00e9es du site web. Le site web ne peut pas fonctionner correctement sans ces cookies.<\/li>\n\n\n\n<li>Statistiques - Les cookies statistiques aident les propri\u00e9taires de sites web \u00e0 comprendre comment les diff\u00e9rents utilisateurs se comportent sur le site en collectant et en communiquant des informations anonymes, par exemple les m\u00e9triques Yandex - utilis\u00e9es pour collecter des informations sur les actions des utilisateurs sur le blog - statistiques de trafic, nombre de clics et enregistrements de sessions individuelles. Cela nous permet de suivre l'exp\u00e9rience des utilisateurs qui interagissent avec le site, ce qui constitue une aide pr\u00e9cieuse pour l'optimisation du site. Ces informations sont collect\u00e9es pour analyser le contenu et l'int\u00e9r\u00eat des utilisateurs afin que nous puissions cr\u00e9er du contenu sur des sujets proches des int\u00e9r\u00eats de nos lecteurs.<\/li>\n\n\n\n<li>Non classifi\u00e9s - Les cookies non classifi\u00e9s sont des cookies qui sont en cours de classification, ainsi que les fournisseurs des cookies individuels.<\/li>\n<\/ul>\n\n\n\n<h2 class=\"wp-block-heading\"><span class=\"ez-toc-section\" id=\"Prawo_dostepu_do_danych\"><\/span><strong>Droit d'acc\u00e8s aux donn\u00e9es<\/strong><span class=\"ez-toc-section-end\"><\/span><\/h2>\n\n\n\n<p>En ce qui concerne le traitement de vos donn\u00e9es personnelles, vous disposez des droits suivants :<\/p>\n\n\n\n<ul class=\"wp-block-list\">\n<li>Le droit de demander au responsable du traitement l'acc\u00e8s \u00e0 vos donn\u00e9es \u00e0 caract\u00e8re personnel ;<\/li>\n\n\n\n<li>le droit de rectification des donn\u00e9es ;<\/li>\n\n\n\n<li>le droit \u00e0 l'effacement ;<\/li>\n\n\n\n<li>le droit de restreindre le traitement ;<\/li>\n\n\n\n<li>Le droit de s'opposer au traitement ;<\/li>\n\n\n\n<li>Le droit \u00e0 la portabilit\u00e9 des donn\u00e9es (dans la mesure o\u00f9 cela est techniquement possible) ;<\/li>\n\n\n\n<li>le droit de retirer son consentement au traitement des donn\u00e9es \u00e0 caract\u00e8re personnel pour une finalit\u00e9 sp\u00e9cifique, lorsque ce consentement a \u00e9t\u00e9 donn\u00e9 ant\u00e9rieurement ;<\/li>\n\n\n\n<li>Le droit d'introduire une r\u00e9clamation aupr\u00e8s d'une autorit\u00e9 de contr\u00f4le en ce qui concerne le traitement des donn\u00e9es \u00e0 caract\u00e8re personnel.<\/li>\n<\/ul>\n\n\n\n<h2 class=\"wp-block-heading\"><span class=\"ez-toc-section\" id=\"Logi_serwera\"><\/span><strong>Journaux du serveur<\/strong><span class=\"ez-toc-section-end\"><\/span><\/h2>\n\n\n\n<p>L'utilisation du site web implique l'envoi de requ\u00eates au serveur o\u00f9 le site est stock\u00e9. Chaque demande adress\u00e9e au serveur est enregistr\u00e9e dans les journaux du serveur.<\/p>\n\n\n\n<p>Les journaux comprennent, entre autres, votre adresse IP, la date et l'heure du serveur, des informations sur votre navigateur web et le syst\u00e8me d'exploitation que vous utilisez. Les journaux sont enregistr\u00e9s et stock\u00e9s sur le serveur.<\/p>\n\n\n\n<p>Les donn\u00e9es stock\u00e9es dans les journaux du serveur ne sont pas associ\u00e9es \u00e0 des utilisateurs sp\u00e9cifiques du site web et ne sont pas utilis\u00e9es pour identifier l'utilisateur.<\/p>\n\n\n\n<p>Les journaux du serveur ne constituent qu'un mat\u00e9riel auxiliaire pour l'administration du site et leur contenu n'est divulgu\u00e9 \u00e0 personne d'autre que les personnes autoris\u00e9es \u00e0 administrer le serveur.<\/p>\n\n\n\n<h2 class=\"wp-block-heading\"><span class=\"ez-toc-section\" id=\"Zgoda\"><\/span><strong>Consentement<\/strong><span class=\"ez-toc-section-end\"><\/span><\/h2>\n\n\n\n<p><strong>En utilisant le site web https:\/\/www.honorata-skarbek.com\/, vous d\u00e9clarez avoir lu et accept\u00e9 notre politique de confidentialit\u00e9.<\/strong><\/p>\n\n\n\n<p>Ce site web contient des articles bas\u00e9s sur des opinions subjectives et ne constitue pas un avis m\u00e9dical. Nous ne sommes pas responsables de l'utilisation abusive des informations contenues sur le site. Les compl\u00e9ments alimentaires sont uniquement destin\u00e9s \u00e0 compl\u00e9ter un r\u00e9gime alimentaire normal, ils n'ont pas de propri\u00e9t\u00e9s m\u00e9dicinales. Avant d'acheter des produits, v\u00e9rifiez le contenu, les statistiques et les citations qu'ils contiennent aupr\u00e8s du fabricant. En cas de doute sur le contenu publi\u00e9 ici <a href=\"https:\/\/honorata-skarbek.com\/be\/contacter\/\" target=\"_blank\" data-type=\"page\" data-id=\"18\" rel=\"noreferrer noopener\">nous contacter.<\/a><\/p>\n\n\n\n<p><\/p>","protected":false},"excerpt":{"rendered":"<p>Polityka Prywatno\u015bci W trosce o Twoje bezpiecze\u0144stwo i prywatno\u015b\u0107 przygotowali\u015bmy dokument, w kt\u00f3rym znajdziesz zasady przetwarzania danych osobowych oraz wykorzystania plik\u00f3w cookies w zwi\u0105zku z korzystaniem ze strony internetowej https:\/\/honorata-skarbek.com\/. Gromadzenie informacji i ochrona danych osobowych Strona przestrzega aktualnych przepis\u00f3w o ochronie danych osobowych, a jej administrator dok\u0142ada wszelkich stara\u0144, by wszystkie osoby korzystaj\u0105ce z &#8230; <a title=\"Politique de confidentialit\u00e9\" class=\"read-more\" href=\"https:\/\/honorata-skarbek.com\/be\/politique-de-confidentialite\/\" aria-label=\"More on Polityka Prywatno\u015bci\">Lire la suite<\/a><\/p>","protected":false},"author":1,"featured_media":0,"parent":0,"menu_order":0,"comment_status":"closed","ping_status":"open","template":"","meta":{"footnotes":""},"class_list":["post-3","page","type-page","status-publish"],"_links":{"self":[{"href":"https:\/\/honorata-skarbek.com\/be\/wp-json\/wp\/v2\/pages\/3","targetHints":{"allow":["GET"]}}],"collection":[{"href":"https:\/\/honorata-skarbek.com\/be\/wp-json\/wp\/v2\/pages"}],"about":[{"href":"https:\/\/honorata-skarbek.com\/be\/wp-json\/wp\/v2\/types\/page"}],"author":[{"embeddable":true,"href":"https:\/\/honorata-skarbek.com\/be\/wp-json\/wp\/v2\/users\/1"}],"replies":[{"embeddable":true,"href":"https:\/\/honorata-skarbek.com\/be\/wp-json\/wp\/v2\/comments?post=3"}],"version-history":[{"count":0,"href":"https:\/\/honorata-skarbek.com\/be\/wp-json\/wp\/v2\/pages\/3\/revisions"}],"wp:attachment":[{"href":"https:\/\/honorata-skarbek.com\/be\/wp-json\/wp\/v2\/media?parent=3"}],"curies":[{"name":"wp","href":"https:\/\/api.w.org\/{rel}","templated":true}]}}