{"id":3,"date":"2021-02-02T06:42:18","date_gmt":"2021-02-02T06:42:18","guid":{"rendered":"https:\/\/honorata-skarbek.com\/?page_id=3"},"modified":"2023-08-18T13:23:02","modified_gmt":"2023-08-18T13:23:02","slug":"datenschutzbestimmungen","status":"publish","type":"page","link":"https:\/\/honorata-skarbek.com\/ch\/datenschutzbestimmungen\/","title":{"rendered":"Datenschutzbestimmungen"},"content":{"rendered":"<div id=\"ez-toc-container\" class=\"ez-toc-v2_0_82_2 counter-hierarchy ez-toc-counter ez-toc-light-blue ez-toc-container-direction\">\n<p class=\"ez-toc-title\" style=\"cursor:inherit\">Inhalts\u00fcbersicht<\/p>\n<label for=\"ez-toc-cssicon-toggle-item-69f17a053d026\" class=\"ez-toc-cssicon-toggle-label\"><span class=\"\"><span class=\"eztoc-hide\" style=\"display:none;\">Umschalten auf<\/span><span class=\"ez-toc-icon-toggle-span\"><svg style=\"fill: #999;color:#999\" xmlns=\"http:\/\/www.w3.org\/2000\/svg\" class=\"list-377408\" width=\"20px\" height=\"20px\" viewbox=\"0 0 24 24\" fill=\"none\"><path d=\"M6 6H4v2h2V6zm14 0H8v2h12V6zM4 11h2v2H4v-2zm16 0H8v2h12v-2zM4 16h2v2H4v-2zm16 0H8v2h12v-2z\" fill=\"currentColor\"><\/path><\/svg><svg style=\"fill: #999;color:#999\" class=\"arrow-unsorted-368013\" xmlns=\"http:\/\/www.w3.org\/2000\/svg\" width=\"10px\" height=\"10px\" viewbox=\"0 0 24 24\" version=\"1.2\" baseprofile=\"tiny\"><path d=\"M18.2 9.3l-6.2-6.3-6.2 6.3c-.2.2-.3.4-.3.7s.1.5.3.7c.2.2.4.3.7.3h11c.3 0 .5-.1.7-.3.2-.2.3-.5.3-.7s-.1-.5-.3-.7zM5.8 14.7l6.2 6.3 6.2-6.3c.2-.2.3-.5.3-.7s-.1-.5-.3-.7c-.2-.2-.4-.3-.7-.3h-11c-.3 0-.5.1-.7.3-.2.2-.3.5-.3.7s.1.5.3.7z\"\/><\/svg><\/span><\/span><\/label><input type=\"checkbox\"  id=\"ez-toc-cssicon-toggle-item-69f17a053d026\" checked aria-label=\"Umschalten auf\" \/><nav><ul class='ez-toc-list ez-toc-list-level-1' ><li class='ez-toc-page-1 ez-toc-heading-level-2'><a class=\"ez-toc-link ez-toc-heading-1\" href=\"https:\/\/honorata-skarbek.com\/ch\/datenschutzbestimmungen\/#Gromadzenie_informacji_i_ochrona_danych_osobowych\" >Sammlung von Informationen und Schutz personenbezogener Daten<\/a><\/li><li class='ez-toc-page-1 ez-toc-heading-level-2'><a class=\"ez-toc-link ez-toc-heading-2\" href=\"https:\/\/honorata-skarbek.com\/ch\/datenschutzbestimmungen\/#Komentarze\" >Kommentare<\/a><\/li><li class='ez-toc-page-1 ez-toc-heading-level-2'><a class=\"ez-toc-link ez-toc-heading-3\" href=\"https:\/\/honorata-skarbek.com\/ch\/datenschutzbestimmungen\/#Formularz_kontaktowy\" >Kontakt-Formular<\/a><\/li><li class='ez-toc-page-1 ez-toc-heading-level-2'><a class=\"ez-toc-link ez-toc-heading-4\" href=\"https:\/\/honorata-skarbek.com\/ch\/datenschutzbestimmungen\/#Pliki_cookies\" >Cookies<\/a><\/li><li class='ez-toc-page-1 ez-toc-heading-level-2'><a class=\"ez-toc-link ez-toc-heading-5\" href=\"https:\/\/honorata-skarbek.com\/ch\/datenschutzbestimmungen\/#Prawo_dostepu_do_danych\" >Recht auf Zugang zu den Daten<\/a><\/li><li class='ez-toc-page-1 ez-toc-heading-level-2'><a class=\"ez-toc-link ez-toc-heading-6\" href=\"https:\/\/honorata-skarbek.com\/ch\/datenschutzbestimmungen\/#Logi_serwera\" >Server-Protokolle<\/a><\/li><li class='ez-toc-page-1 ez-toc-heading-level-2'><a class=\"ez-toc-link ez-toc-heading-7\" href=\"https:\/\/honorata-skarbek.com\/ch\/datenschutzbestimmungen\/#Zgoda\" >Zustimmung<\/a><\/li><\/ul><\/nav><\/div>\n\n<p>Datenschutzbestimmungen<\/p>\n\n\n\n<p>Im Interesse Ihrer Sicherheit und Ihrer Privatsph\u00e4re haben wir ein Dokument erstellt, in dem Sie die Regeln f\u00fcr die Verarbeitung personenbezogener Daten und die Verwendung von Cookies im Zusammenhang mit der Nutzung der Website https:\/\/honorata-skarbek.com\/ finden.<\/p>\n\n\n\n<h2 class=\"wp-block-heading\"><span class=\"ez-toc-section\" id=\"Gromadzenie_informacji_i_ochrona_danych_osobowych\"><\/span><strong>Sammlung von Informationen und Schutz personenbezogener Daten<\/strong><span class=\"ez-toc-section-end\"><\/span><\/h2>\n\n\n\n<p>Die Website entspricht den geltenden Datenschutzgesetzen, und der Administrator verpflichtet sich, daf\u00fcr zu sorgen, dass sich alle Personen, die die Website nutzen, sicher f\u00fchlen.<\/p>\n\n\n\n<p>Die zur Verf\u00fcgung gestellten personenbezogenen Daten werden ordnungsgem\u00e4\u00df gesch\u00fctzt, damit sie nicht in die H\u00e4nde von Unbefugten gelangen. Sie werden auch nicht weitergegeben, weiterverkauft oder missbraucht. Bitte beachten Sie, dass die Angabe personenbezogener Daten immer freiwillig ist, aber auch notwendig ist, um einen Kommentar im Blog abzugeben oder uns \u00fcber das Kontaktformular zu kontaktieren.<\/p>\n\n\n\n<h2 class=\"wp-block-heading\"><span class=\"ez-toc-section\" id=\"Komentarze\"><\/span><strong>Kommentare<\/strong><span class=\"ez-toc-section-end\"><\/span><\/h2>\n\n\n\n<p>Wenn ein Besucher der Website einen Kommentar hinterl\u00e4sst, erfassen wir die im Kommentarformular sichtbaren Daten sowie die IP-Adresse und die Browsersignatur des Besuchers als Hilfsmittel zur Spamerkennung. Das Hinterlassen eines Kommentars ist v\u00f6llig freiwillig. Indem Sie einen Kommentar hinterlassen, erkl\u00e4ren Sie sich jedoch mit der Verarbeitung der von Ihnen angegebenen personenbezogenen Daten einverstanden.<\/p>\n\n\n\n<h2 class=\"wp-block-heading\"><span class=\"ez-toc-section\" id=\"Formularz_kontaktowy\"><\/span><strong>Kontakt-Formular<\/strong><span class=\"ez-toc-section-end\"><\/span><\/h2>\n\n\n\n<p>Auf dem Blog https:\/\/honorata-skarbek.com\/kontakt\/ befindet sich ein Kontaktformular, \u00fcber das Sie mit uns Kontakt aufnehmen k\u00f6nnen. Das Ausf\u00fcllen des Kontaktformulars erfordert die \u00dcbermittlung personenbezogener Daten, die dazu verwendet werden, mit der Person, die das Formular abschickt, in Kontakt zu treten, um die Anfrage oder den Antrag zu beantworten. Die \u00fcber das Formular gesendeten Informationen werden von uns f\u00fcr Kundendienstzwecke auf unbestimmte Zeit gespeichert, aber die auf diese Weise erhaltenen Informationen werden nicht f\u00fcr Marketingzwecke verwendet.<\/p>\n\n\n\n<h2 class=\"wp-block-heading\"><span class=\"ez-toc-section\" id=\"Pliki_cookies\"><\/span><strong>Cookies<\/strong><span class=\"ez-toc-section-end\"><\/span><\/h2>\n\n\n\n<p>Die Website verwendet Cookies, die dazu dienen, den Inhalt von Webseiten an die Bed\u00fcrfnisse des Nutzers anzupassen, um die Seite korrekt auf dem Ger\u00e4t des Nutzers anzuzeigen, um Statistiken zu erstellen, die uns helfen zu verstehen, wie die Nutzer der Website die Webseiten nutzen und welche Seiten der Website am beliebtesten sind, und um den Nutzern Werbeinhalte entsprechend ihrer Interessen zu liefern.<\/p>\n\n\n\n<p>Wenn Sie den Blog zum ersten Mal besuchen, wird ein Hinweis auf die Verwendung von Cookies angezeigt. Die Annahme dieses Hinweises bedeutet, dass Sie der Verwendung von Cookies gem\u00e4\u00df den Bestimmungen dieser Datenschutzrichtlinie zustimmen. Sie k\u00f6nnen diese Zustimmung jederzeit widerrufen. Dazu l\u00f6schen Sie bitte die Cookies und \u00e4ndern die Cookie-Einstellungen in Ihrem Browser.<\/p>\n\n\n\n<p>Die verwendeten Cookies speichern keine personenbezogenen Daten oder andere von den Nutzern erfasste Informationen und werden nur zu statistischen Zwecken gesammelt.<\/p>\n\n\n\n<p>Der Blog verwendet die folgenden Arten von Cookies:<\/p>\n\n\n\n<ul class=\"wp-block-list\">\n<li>Wesentlich - Cookies tragen zur Benutzerfreundlichkeit der Website bei, indem sie grundlegende Funktionen wie die Navigation auf der Website und den Zugang zu gesch\u00fctzten Bereichen der Website erm\u00f6glichen. Die Website kann ohne diese Cookies nicht richtig funktionieren.<\/li>\n\n\n\n<li>Pr\u00e4ferenzen - Cookies tragen zur Benutzerfreundlichkeit der Website bei, indem sie grundlegende Funktionen wie die Navigation auf der Website und den Zugang zu sicheren Bereichen der Website erm\u00f6glichen. Die Website kann ohne diese Cookies nicht richtig funktionieren.<\/li>\n\n\n\n<li>Statistik - Statistik-Cookies helfen Website-Besitzern zu verstehen, wie sich verschiedene Nutzer auf der Website verhalten, indem sie anonyme Informationen sammeln und melden, z. B. Yandex-Metriken - die verwendet werden, um Informationen \u00fcber Nutzeraktionen auf dem Blog zu sammeln - Verkehrsstatistiken, Anzahl der Klicks und Aufzeichnungen von einzelnen Sitzungen. Auf diese Weise k\u00f6nnen wir die Erfahrungen der Nutzer bei der Interaktion mit der Website nachvollziehen, was uns bei der Optimierung der Website von unsch\u00e4tzbarem Wert sein wird. Diese Informationen werden gesammelt, um Inhalte und Nutzerinteressen zu analysieren, damit wir Inhalte zu Themen erstellen k\u00f6nnen, die den Interessen unserer Leser entsprechen.<\/li>\n\n\n\n<li>Nicht klassifiziert - Nicht klassifizierte Cookies sind Cookies, die noch klassifiziert werden m\u00fcssen, zusammen mit den Anbietern der einzelnen Cookies.<\/li>\n<\/ul>\n\n\n\n<h2 class=\"wp-block-heading\"><span class=\"ez-toc-section\" id=\"Prawo_dostepu_do_danych\"><\/span><strong>Recht auf Zugang zu den Daten<\/strong><span class=\"ez-toc-section-end\"><\/span><\/h2>\n\n\n\n<p>Im Zusammenhang mit der Verarbeitung Ihrer personenbezogenen Daten haben Sie die folgenden Rechte:<\/p>\n\n\n\n<ul class=\"wp-block-list\">\n<li>Das Recht, von dem f\u00fcr die Verarbeitung Verantwortlichen Zugang zu Ihren personenbezogenen Daten zu verlangen;<\/li>\n\n\n\n<li>das Recht auf Berichtigung der Daten;<\/li>\n\n\n\n<li>das Recht auf L\u00f6schung;<\/li>\n\n\n\n<li>das Recht auf Einschr\u00e4nkung der Verarbeitung;<\/li>\n\n\n\n<li>Das Recht, der Verarbeitung zu widersprechen;<\/li>\n\n\n\n<li>Das Recht auf Daten\u00fcbertragbarkeit (soweit technisch m\u00f6glich);<\/li>\n\n\n\n<li>das Recht, die Einwilligung in die Verarbeitung personenbezogener Daten f\u00fcr einen bestimmten Zweck zu widerrufen, wenn eine solche Einwilligung zuvor erteilt wurde;<\/li>\n\n\n\n<li>Das Recht, bei einer Aufsichtsbeh\u00f6rde Beschwerde gegen die Verarbeitung personenbezogener Daten einzulegen.<\/li>\n<\/ul>\n\n\n\n<h2 class=\"wp-block-heading\"><span class=\"ez-toc-section\" id=\"Logi_serwera\"><\/span><strong>Server-Protokolle<\/strong><span class=\"ez-toc-section-end\"><\/span><\/h2>\n\n\n\n<p>Die Nutzung der Website beinhaltet das Senden von Anfragen an den Server, auf dem die Website gespeichert ist. Jede Anfrage, die an den Server gerichtet wird, wird in den Serverprotokollen aufgezeichnet.<\/p>\n\n\n\n<p>Die Protokolle enthalten unter anderem Ihre IP-Adresse, das Datum und die Uhrzeit des Serverzugriffs, Informationen \u00fcber Ihren Webbrowser und das von Ihnen verwendete Betriebssystem. Die Protokolle werden auf dem Server gespeichert und aufbewahrt.<\/p>\n\n\n\n<p>Die in den Serverprotokollen gespeicherten Daten werden nicht mit bestimmten Nutzern der Website in Verbindung gebracht und werden nicht zur Identifizierung des Nutzers verwendet.<\/p>\n\n\n\n<p>Die Serverprotokolle sind nur Hilfsmaterial f\u00fcr die Verwaltung der Website, und ihr Inhalt wird nur den zur Verwaltung des Servers befugten Personen zug\u00e4nglich gemacht.<\/p>\n\n\n\n<h2 class=\"wp-block-heading\"><span class=\"ez-toc-section\" id=\"Zgoda\"><\/span><strong>Zustimmung<\/strong><span class=\"ez-toc-section-end\"><\/span><\/h2>\n\n\n\n<p><strong>Durch die Nutzung der Website https:\/\/www.honorata-skarbek.com\/ erkl\u00e4ren Sie, dass Sie unsere Datenschutzbestimmungen gelesen haben und damit einverstanden sind.<\/strong><\/p>\n\n\n\n<p>Diese Website enth\u00e4lt Artikel, die auf subjektiven Meinungen beruhen und stellt keine medizinische Beratung dar. Wir sind nicht verantwortlich f\u00fcr den Missbrauch der auf der Website enthaltenen Informationen. Nahrungserg\u00e4nzungsmittel sind nur dazu bestimmt, eine normale Ern\u00e4hrung zu erg\u00e4nzen, sie haben keine medizinischen Eigenschaften. \u00dcberpr\u00fcfen Sie vor dem Kauf von Produkten den Inhalt, die Statistiken und die hier enthaltenen Zitate beim Hersteller. Wenn Sie Zweifel an den hier ver\u00f6ffentlichten Inhalten haben <a href=\"https:\/\/honorata-skarbek.com\/ch\/kontakt\/\" target=\"_blank\" data-type=\"page\" data-id=\"18\" rel=\"noreferrer noopener\">kontaktieren Sie uns.<\/a><\/p>\n\n\n\n<p><\/p>","protected":false},"excerpt":{"rendered":"<p>Polityka Prywatno\u015bci W trosce o Twoje bezpiecze\u0144stwo i prywatno\u015b\u0107 przygotowali\u015bmy dokument, w kt\u00f3rym znajdziesz zasady przetwarzania danych osobowych oraz wykorzystania plik\u00f3w cookies w zwi\u0105zku z korzystaniem ze strony internetowej https:\/\/honorata-skarbek.com\/. Gromadzenie informacji i ochrona danych osobowych Strona przestrzega aktualnych przepis\u00f3w o ochronie danych osobowych, a jej administrator dok\u0142ada wszelkich stara\u0144, by wszystkie osoby korzystaj\u0105ce z &#8230; <a title=\"Datenschutzbestimmungen\" class=\"read-more\" href=\"https:\/\/honorata-skarbek.com\/ch\/datenschutzbestimmungen\/\" aria-label=\"More on Polityka Prywatno\u015bci\">Mehr lesen<\/a><\/p>","protected":false},"author":1,"featured_media":0,"parent":0,"menu_order":0,"comment_status":"closed","ping_status":"open","template":"","meta":{"footnotes":""},"class_list":["post-3","page","type-page","status-publish"],"_links":{"self":[{"href":"https:\/\/honorata-skarbek.com\/ch\/wp-json\/wp\/v2\/pages\/3","targetHints":{"allow":["GET"]}}],"collection":[{"href":"https:\/\/honorata-skarbek.com\/ch\/wp-json\/wp\/v2\/pages"}],"about":[{"href":"https:\/\/honorata-skarbek.com\/ch\/wp-json\/wp\/v2\/types\/page"}],"author":[{"embeddable":true,"href":"https:\/\/honorata-skarbek.com\/ch\/wp-json\/wp\/v2\/users\/1"}],"replies":[{"embeddable":true,"href":"https:\/\/honorata-skarbek.com\/ch\/wp-json\/wp\/v2\/comments?post=3"}],"version-history":[{"count":0,"href":"https:\/\/honorata-skarbek.com\/ch\/wp-json\/wp\/v2\/pages\/3\/revisions"}],"wp:attachment":[{"href":"https:\/\/honorata-skarbek.com\/ch\/wp-json\/wp\/v2\/media?parent=3"}],"curies":[{"name":"wp","href":"https:\/\/api.w.org\/{rel}","templated":true}]}}