{"id":11,"date":"2021-02-02T12:34:55","date_gmt":"2021-02-02T12:34:55","guid":{"rendered":"https:\/\/honorata-skarbek.com\/?page_id=11"},"modified":"2022-06-11T14:00:59","modified_gmt":"2022-06-11T14:00:59","slug":"rolam","status":"publish","type":"page","link":"https:\/\/honorata-skarbek.com\/hu\/rolam\/","title":{"rendered":"R\u00f3lam"},"content":{"rendered":"<div class=\"wp-block-image\">\n<figure class=\"alignleft size-large\"><img decoding=\"async\" width=\"409\" height=\"404\" src=\"https:\/\/honorata-skarbek.com\/wp-content\/uploads\/2021\/02\/Honorata-Skarbek-Hordiyenko.png\" alt=\"\" class=\"wp-image-15\" title=\"\" srcset=\"https:\/\/honorata-skarbek.com\/wp-content\/uploads\/2021\/02\/Honorata-Skarbek-Hordiyenko.png 409w, https:\/\/honorata-skarbek.com\/wp-content\/uploads\/2021\/02\/Honorata-Skarbek-Hordiyenko-300x296.png 300w\" sizes=\"(max-width: 409px) 100vw, 409px\" \/><\/figure>\n<\/div>\n\n\n<p>\u00dcdv\u00f6z\u00f6llek a vil\u00e1gomban. A nevem Honorata Skarbek-Hordiyenko. Fiatal, energikus ember vagyok, f\u00e9lig lengyel, f\u00e9lig ukr\u00e1n. A honlapomon mindent megtal\u00e1lsz, ami \u00e9rdekel, az eg\u00e9szs\u00e9gt\u0151l \u00e9s az eg\u00e9szs\u00e9ges t\u00e1pl\u00e1lkoz\u00e1st\u00f3l kezdve az utaz\u00e1son \u00e1t a j\u00f3 zen\u00e9ig. Ha kapcsolatba akar l\u00e9pni velem, k\u00e9rj\u00fck, haszn\u00e1lja a <a href=\"https:\/\/honorata-skarbek.com\/hu\/kapcsolatfelvetel\/\" data-type=\"page\" data-id=\"18\">kapcsolatfelv\u00e9teli \u0171rlap<\/a> a kapcsolatok f\u00fcl alatt.<\/p>","protected":false},"excerpt":{"rendered":"<p>\u00dcdv\u00f6z\u00f6llek a vil\u00e1gomban. A nevem Honorata Skarbek-Hordiyenko. Fiatal, energikus ember vagyok, f\u00e9lig lengyel, f\u00e9lig ukr\u00e1n, a honlapomon mindent megtal\u00e1lsz, ami \u00e9rdekel, az eg\u00e9szs\u00e9gt\u0151l \u00e9s az eg\u00e9szs\u00e9ges t\u00e1pl\u00e1lkoz\u00e1st\u00f3l kezdve az utaz\u00e1son \u00e1t a j\u00f3 zen\u00e9ig. Ha szeretn\u00e9l kapcsolatba l\u00e9pni velem, k\u00e9rlek, haszn\u00e1ld a kapcsolatfelv\u00e9teli \u0171rlapot a kapcsolatok f\u00fcl\u00f6n.<\/p>","protected":false},"author":1,"featured_media":0,"parent":0,"menu_order":0,"comment_status":"closed","ping_status":"closed","template":"","meta":{"footnotes":""},"class_list":["post-11","page","type-page","status-publish"],"_links":{"self":[{"href":"https:\/\/honorata-skarbek.com\/hu\/wp-json\/wp\/v2\/pages\/11","targetHints":{"allow":["GET"]}}],"collection":[{"href":"https:\/\/honorata-skarbek.com\/hu\/wp-json\/wp\/v2\/pages"}],"about":[{"href":"https:\/\/honorata-skarbek.com\/hu\/wp-json\/wp\/v2\/types\/page"}],"author":[{"embeddable":true,"href":"https:\/\/honorata-skarbek.com\/hu\/wp-json\/wp\/v2\/users\/1"}],"replies":[{"embeddable":true,"href":"https:\/\/honorata-skarbek.com\/hu\/wp-json\/wp\/v2\/comments?post=11"}],"version-history":[{"count":0,"href":"https:\/\/honorata-skarbek.com\/hu\/wp-json\/wp\/v2\/pages\/11\/revisions"}],"wp:attachment":[{"href":"https:\/\/honorata-skarbek.com\/hu\/wp-json\/wp\/v2\/media?parent=11"}],"curies":[{"name":"wp","href":"https:\/\/api.w.org\/{rel}","templated":true}]}}