{"id":3,"date":"2021-02-02T06:42:18","date_gmt":"2021-02-02T06:42:18","guid":{"rendered":"https:\/\/honorata-skarbek.com\/?page_id=3"},"modified":"2023-08-18T13:23:02","modified_gmt":"2023-08-18T13:23:02","slug":"politica-sulla-privacy","status":"publish","type":"page","link":"https:\/\/honorata-skarbek.com\/it\/politica-sulla-privacy\/","title":{"rendered":"Informativa sulla privacy"},"content":{"rendered":"<div id=\"ez-toc-container\" class=\"ez-toc-v2_0_82_2 counter-hierarchy ez-toc-counter ez-toc-light-blue ez-toc-container-direction\">\n<p class=\"ez-toc-title\" style=\"cursor:inherit\">Tabella dei contenuti<\/p>\n<label for=\"ez-toc-cssicon-toggle-item-69e3a7b6a41a1\" class=\"ez-toc-cssicon-toggle-label\"><span class=\"\"><span class=\"eztoc-hide\" style=\"display:none;\">Toggle<\/span><span class=\"ez-toc-icon-toggle-span\"><svg style=\"fill: #999;color:#999\" xmlns=\"http:\/\/www.w3.org\/2000\/svg\" class=\"list-377408\" width=\"20px\" height=\"20px\" viewbox=\"0 0 24 24\" fill=\"none\"><path d=\"M6 6H4v2h2V6zm14 0H8v2h12V6zM4 11h2v2H4v-2zm16 0H8v2h12v-2zM4 16h2v2H4v-2zm16 0H8v2h12v-2z\" fill=\"currentColor\"><\/path><\/svg><svg style=\"fill: #999;color:#999\" class=\"arrow-unsorted-368013\" xmlns=\"http:\/\/www.w3.org\/2000\/svg\" width=\"10px\" height=\"10px\" viewbox=\"0 0 24 24\" version=\"1.2\" baseprofile=\"tiny\"><path d=\"M18.2 9.3l-6.2-6.3-6.2 6.3c-.2.2-.3.4-.3.7s.1.5.3.7c.2.2.4.3.7.3h11c.3 0 .5-.1.7-.3.2-.2.3-.5.3-.7s-.1-.5-.3-.7zM5.8 14.7l6.2 6.3 6.2-6.3c.2-.2.3-.5.3-.7s-.1-.5-.3-.7c-.2-.2-.4-.3-.7-.3h-11c-.3 0-.5.1-.7.3-.2.2-.3.5-.3.7s.1.5.3.7z\"\/><\/svg><\/span><\/span><\/label><input type=\"checkbox\"  id=\"ez-toc-cssicon-toggle-item-69e3a7b6a41a1\" checked aria-label=\"Toggle\" \/><nav><ul class='ez-toc-list ez-toc-list-level-1' ><li class='ez-toc-page-1 ez-toc-heading-level-2'><a class=\"ez-toc-link ez-toc-heading-1\" href=\"https:\/\/honorata-skarbek.com\/it\/politica-sulla-privacy\/#Gromadzenie_informacji_i_ochrona_danych_osobowych\" >Raccolta di informazioni e protezione dei dati personali<\/a><\/li><li class='ez-toc-page-1 ez-toc-heading-level-2'><a class=\"ez-toc-link ez-toc-heading-2\" href=\"https:\/\/honorata-skarbek.com\/it\/politica-sulla-privacy\/#Komentarze\" >Commenti<\/a><\/li><li class='ez-toc-page-1 ez-toc-heading-level-2'><a class=\"ez-toc-link ez-toc-heading-3\" href=\"https:\/\/honorata-skarbek.com\/it\/politica-sulla-privacy\/#Formularz_kontaktowy\" >Modulo di contatto<\/a><\/li><li class='ez-toc-page-1 ez-toc-heading-level-2'><a class=\"ez-toc-link ez-toc-heading-4\" href=\"https:\/\/honorata-skarbek.com\/it\/politica-sulla-privacy\/#Pliki_cookies\" >Biscotti<\/a><\/li><li class='ez-toc-page-1 ez-toc-heading-level-2'><a class=\"ez-toc-link ez-toc-heading-5\" href=\"https:\/\/honorata-skarbek.com\/it\/politica-sulla-privacy\/#Prawo_dostepu_do_danych\" >Diritto di accesso ai dati<\/a><\/li><li class='ez-toc-page-1 ez-toc-heading-level-2'><a class=\"ez-toc-link ez-toc-heading-6\" href=\"https:\/\/honorata-skarbek.com\/it\/politica-sulla-privacy\/#Logi_serwera\" >Registri del server<\/a><\/li><li class='ez-toc-page-1 ez-toc-heading-level-2'><a class=\"ez-toc-link ez-toc-heading-7\" href=\"https:\/\/honorata-skarbek.com\/it\/politica-sulla-privacy\/#Zgoda\" >Consenso<\/a><\/li><\/ul><\/nav><\/div>\n\n<p>Informativa sulla privacy<\/p>\n\n\n\n<p>Per garantire la vostra sicurezza e la vostra privacy, abbiamo preparato un documento in cui troverete le regole per il trattamento dei dati personali e l'uso dei cookie in relazione all'utilizzo del sito web https:\/\/honorata-skarbek.com\/.<\/p>\n\n\n\n<h2 class=\"wp-block-heading\"><span class=\"ez-toc-section\" id=\"Gromadzenie_informacji_i_ochrona_danych_osobowych\"><\/span><strong>Raccolta di informazioni e protezione dei dati personali<\/strong><span class=\"ez-toc-section-end\"><\/span><\/h2>\n\n\n\n<p>Il sito web \u00e8 conforme alla legislazione vigente in materia di protezione dei dati e il suo amministratore si impegna a garantire che tutte le persone che utilizzano il sito web si sentano sicure.<\/p>\n\n\n\n<p>I dati personali forniti saranno debitamente protetti in modo da non cadere nelle mani di persone non autorizzate. Inoltre, non saranno trasferiti, rivenduti o utilizzati in modo improprio. Si noti che il conferimento dei dati personali \u00e8 sempre volontario, ma \u00e8 necessario anche per aggiungere un commento al blog o per contattarci tramite il modulo di contatto.<\/p>\n\n\n\n<h2 class=\"wp-block-heading\"><span class=\"ez-toc-section\" id=\"Komentarze\"><\/span><strong>Commenti<\/strong><span class=\"ez-toc-section-end\"><\/span><\/h2>\n\n\n\n<p>Quando un visitatore del sito lascia un commento, raccogliamo i dati visibili nel modulo di commento, nonch\u00e9 l'indirizzo IP e la firma del browser del visitatore come aiuto per il rilevamento dello spam. Lasciare un commento \u00e8 del tutto volontario. Tuttavia, scegliendo di lasciare un commento si acconsente al trattamento dei dati personali forniti.<\/p>\n\n\n\n<h2 class=\"wp-block-heading\"><span class=\"ez-toc-section\" id=\"Formularz_kontaktowy\"><\/span><strong>Modulo di contatto<\/strong><span class=\"ez-toc-section-end\"><\/span><\/h2>\n\n\n\n<p>Sul Blog, all'indirizzo https:\/\/honorata-skarbek.com\/kontakt\/, \u00e8 presente un modulo di contatto che pu\u00f2 essere utilizzato per contattarci. La compilazione del modulo di contatto richiede l'invio di dati personali, che vengono utilizzati per contattare la persona che ha inviato il modulo al fine di rispondere alla richiesta o alla domanda. Le informazioni inviate tramite il modulo vengono memorizzate da noi per scopi di assistenza clienti per un periodo di tempo indefinito, ma le informazioni ottenute in questo modo non vengono utilizzate per scopi di marketing.<\/p>\n\n\n\n<h2 class=\"wp-block-heading\"><span class=\"ez-toc-section\" id=\"Pliki_cookies\"><\/span><strong>Biscotti<\/strong><span class=\"ez-toc-section-end\"><\/span><\/h2>\n\n\n\n<p>Il sito web utilizza i cookie, che servono a personalizzare il contenuto delle pagine del sito web per visualizzarle correttamente sul dispositivo dell'utente, a creare statistiche che ci aiutano a capire come gli utenti del sito web utilizzano i siti web e quali pagine del sito web sono pi\u00f9 popolari, e a fornire agli utenti contenuti pubblicitari in base ai loro interessi.<\/p>\n\n\n\n<p>Quando si visita il Blog per la prima volta, viene visualizzato un avviso sull'uso dei cookie. L'accettazione di tale avviso implica il consenso all'utilizzo dei cookie in conformit\u00e0 alle disposizioni della presente informativa sulla privacy. \u00c8 sempre possibile revocare tale consenso. A tal fine, si prega di cancellare i cookie e di modificare le impostazioni dei cookie nel proprio browser.<\/p>\n\n\n\n<p>I cookie utilizzati non memorizzano dati personali o altre informazioni raccolte dagli utenti e sono raccolti solo a fini statistici.<\/p>\n\n\n\n<p>Il Blog utilizza i seguenti tipi di cookie:<\/p>\n\n\n\n<ul class=\"wp-block-list\">\n<li>Essenziali - i cookie contribuiscono all'usabilit\u00e0 del sito web consentendo funzioni di base come la navigazione del sito e l'accesso alle aree sicure del sito. Il sito web non pu\u00f2 funzionare correttamente senza questi cookie.<\/li>\n\n\n\n<li>Preferenze - i cookie contribuiscono all'usabilit\u00e0 del sito web consentendo funzioni di base come la navigazione del sito e l'accesso alle aree sicure del sito. Senza questi cookie il sito non pu\u00f2 funzionare correttamente.<\/li>\n\n\n\n<li>Statistiche - I cookie statistici aiutano i proprietari dei siti web a capire come i diversi utenti si comportano sul sito raccogliendo e riportando informazioni anonime, ad esempio Yandex metrics - utilizzato per raccogliere informazioni sulle azioni degli utenti sul blog - statistiche sul traffico, numero di clic e registrazioni di sessioni individuali. Questo ci permette di tracciare l'esperienza degli utenti che interagiscono con il sito, fornendo un aiuto prezioso per l'ottimizzazione del sito. Queste informazioni vengono raccolte per analizzare i contenuti e gli interessi degli utenti, in modo da poter creare contenuti su argomenti vicini agli interessi dei nostri lettori.<\/li>\n\n\n\n<li>Non classificati - I cookie non classificati sono cookie che sono in fase di classificazione, insieme ai fornitori dei singoli cookie.<\/li>\n<\/ul>\n\n\n\n<h2 class=\"wp-block-heading\"><span class=\"ez-toc-section\" id=\"Prawo_dostepu_do_danych\"><\/span><strong>Diritto di accesso ai dati<\/strong><span class=\"ez-toc-section-end\"><\/span><\/h2>\n\n\n\n<p>In relazione al trattamento dei vostri dati personali, avete i seguenti diritti:<\/p>\n\n\n\n<ul class=\"wp-block-list\">\n<li>Il diritto di richiedere al responsabile del trattamento l'accesso ai propri dati personali;<\/li>\n\n\n\n<li>il diritto alla rettifica dei dati;<\/li>\n\n\n\n<li>il diritto alla cancellazione;<\/li>\n\n\n\n<li>il diritto di limitare il trattamento;<\/li>\n\n\n\n<li>Il diritto di opporsi al trattamento;<\/li>\n\n\n\n<li>Il diritto alla portabilit\u00e0 dei dati (per quanto tecnicamente possibile);<\/li>\n\n\n\n<li>il diritto di revocare il consenso al trattamento dei dati personali per una finalit\u00e0 specifica, qualora tale consenso sia stato precedentemente prestato;<\/li>\n\n\n\n<li>Il diritto di presentare un reclamo a un'autorit\u00e0 di controllo in relazione al trattamento dei dati personali.<\/li>\n<\/ul>\n\n\n\n<h2 class=\"wp-block-heading\"><span class=\"ez-toc-section\" id=\"Logi_serwera\"><\/span><strong>Registri del server<\/strong><span class=\"ez-toc-section-end\"><\/span><\/h2>\n\n\n\n<p>L'utilizzo del sito web comporta l'invio di richieste al server in cui \u00e8 memorizzato il sito. Ogni richiesta effettuata al server viene registrata nei log del server.<\/p>\n\n\n\n<p>I log includono, tra l'altro, il vostro indirizzo IP, la data e l'ora del server, informazioni sul vostro browser web e sul sistema operativo che state utilizzando. I log vengono salvati e conservati sul server.<\/p>\n\n\n\n<p>I dati memorizzati nei log del server non sono associati a utenti specifici del sito web e non vengono utilizzati per identificare l'utente.<\/p>\n\n\n\n<p>I log del server sono solo materiale accessorio per l'amministrazione del sito e il loro contenuto non viene divulgato a nessuno se non a chi \u00e8 autorizzato ad amministrare il server.<\/p>\n\n\n\n<h2 class=\"wp-block-heading\"><span class=\"ez-toc-section\" id=\"Zgoda\"><\/span><strong>Consenso<\/strong><span class=\"ez-toc-section-end\"><\/span><\/h2>\n\n\n\n<p><strong>Utilizzando il sito web https:\/\/www.honorata-skarbek.com\/, l'utente dichiara di aver letto e accettato la nostra politica sulla privacy.<\/strong><\/p>\n\n\n\n<p>Questo sito web contiene articoli basati su opinioni soggettive e non costituisce una consulenza medica. Non siamo responsabili dell'uso improprio delle informazioni contenute nel sito. Gli integratori alimentari hanno il solo scopo di integrare una normale dieta, non hanno propriet\u00e0 medicinali. Prima di acquistare i prodotti, verificare il contenuto, le statistiche e le citazioni qui riportate con il produttore. In caso di dubbi sui contenuti pubblicati <a href=\"https:\/\/honorata-skarbek.com\/it\/contattare\/\" target=\"_blank\" data-type=\"page\" data-id=\"18\" rel=\"noreferrer noopener\">contattateci.<\/a><\/p>\n\n\n\n<p><\/p>","protected":false},"excerpt":{"rendered":"<p>Polityka Prywatno\u015bci W trosce o Twoje bezpiecze\u0144stwo i prywatno\u015b\u0107 przygotowali\u015bmy dokument, w kt\u00f3rym znajdziesz zasady przetwarzania danych osobowych oraz wykorzystania plik\u00f3w cookies w zwi\u0105zku z korzystaniem ze strony internetowej https:\/\/honorata-skarbek.com\/. Gromadzenie informacji i ochrona danych osobowych Strona przestrzega aktualnych przepis\u00f3w o ochronie danych osobowych, a jej administrator dok\u0142ada wszelkich stara\u0144, by wszystkie osoby korzystaj\u0105ce z &#8230; <a title=\"Informativa sulla privacy\" class=\"read-more\" href=\"https:\/\/honorata-skarbek.com\/it\/politica-sulla-privacy\/\" aria-label=\"More on Polityka Prywatno\u015bci\">Leggi tutto<\/a><\/p>","protected":false},"author":1,"featured_media":0,"parent":0,"menu_order":0,"comment_status":"closed","ping_status":"open","template":"","meta":{"footnotes":""},"class_list":["post-3","page","type-page","status-publish"],"_links":{"self":[{"href":"https:\/\/honorata-skarbek.com\/it\/wp-json\/wp\/v2\/pages\/3","targetHints":{"allow":["GET"]}}],"collection":[{"href":"https:\/\/honorata-skarbek.com\/it\/wp-json\/wp\/v2\/pages"}],"about":[{"href":"https:\/\/honorata-skarbek.com\/it\/wp-json\/wp\/v2\/types\/page"}],"author":[{"embeddable":true,"href":"https:\/\/honorata-skarbek.com\/it\/wp-json\/wp\/v2\/users\/1"}],"replies":[{"embeddable":true,"href":"https:\/\/honorata-skarbek.com\/it\/wp-json\/wp\/v2\/comments?post=3"}],"version-history":[{"count":0,"href":"https:\/\/honorata-skarbek.com\/it\/wp-json\/wp\/v2\/pages\/3\/revisions"}],"wp:attachment":[{"href":"https:\/\/honorata-skarbek.com\/it\/wp-json\/wp\/v2\/media?parent=3"}],"curies":[{"name":"wp","href":"https:\/\/api.w.org\/{rel}","templated":true}]}}