{"id":11,"date":"2021-02-02T12:34:55","date_gmt":"2021-02-02T12:34:55","guid":{"rendered":"https:\/\/honorata-skarbek.com\/?page_id=11"},"modified":"2022-06-11T14:00:59","modified_gmt":"2022-06-11T14:00:59","slug":"apie-mane","status":"publish","type":"page","link":"https:\/\/honorata-skarbek.com\/lt\/apie-mane\/","title":{"rendered":"Apie mane"},"content":{"rendered":"<div class=\"wp-block-image\">\n<figure class=\"alignleft size-large\"><img decoding=\"async\" width=\"409\" height=\"404\" src=\"https:\/\/honorata-skarbek.com\/wp-content\/uploads\/2021\/02\/Honorata-Skarbek-Hordiyenko.png\" alt=\"\" class=\"wp-image-15\" title=\"\" srcset=\"https:\/\/honorata-skarbek.com\/wp-content\/uploads\/2021\/02\/Honorata-Skarbek-Hordiyenko.png 409w, https:\/\/honorata-skarbek.com\/wp-content\/uploads\/2021\/02\/Honorata-Skarbek-Hordiyenko-300x296.png 300w\" sizes=\"(max-width: 409px) 100vw, 409px\" \/><\/figure>\n<\/div>\n\n\n<p>Sveiki atvyk\u0119 \u012f mano pasaul\u012f. Mano vardas ir pavard\u0117 - Honorata Skarbek-Hordijenko. Esu jaunas energingas \u017emogus, pusiau lenkas, pusiau ukrainietis. Mano svetain\u0117je rasite visk\u0105, kas mane domina, pradedant sveikata ir sveiku maistu, baigiant kelion\u0117mis ir gera muzika. Jei norite su manimi susisiekti, naudokite <a href=\"https:\/\/honorata-skarbek.com\/lt\/susisiekite-su\/\" data-type=\"page\" data-id=\"18\">kontaktin\u0117 forma<\/a> skirtuke Kontaktai.<\/p>","protected":false},"excerpt":{"rendered":"<p>Hej, witaj w moim \u015bwiecie. Nazywam si\u0119 Honorata Skarbek-Hordiyenko. Jestem m\u0142od\u0105 energiczna osob\u0105, w po\u0142owie Polk\u0105 w po\u0142owi\u0119 Ukraink\u0105.Na mojej stronie znajdziesz wszystko co mnie interesuje zaczynaj\u0105c od zdrowia i zdrowej \u017cywno\u015bci ko\u0144cz\u0105c na podr\u00f3\u017cach i dobrej muzyce. Je\u015bli chcesz si\u0119 ze mn\u0105 skontaktowa\u0107 to skorzystaj z formularza kontaktowego w zak\u0142adce kontakty.<\/p>","protected":false},"author":1,"featured_media":0,"parent":0,"menu_order":0,"comment_status":"closed","ping_status":"closed","template":"","meta":{"footnotes":""},"class_list":["post-11","page","type-page","status-publish"],"_links":{"self":[{"href":"https:\/\/honorata-skarbek.com\/lt\/wp-json\/wp\/v2\/pages\/11","targetHints":{"allow":["GET"]}}],"collection":[{"href":"https:\/\/honorata-skarbek.com\/lt\/wp-json\/wp\/v2\/pages"}],"about":[{"href":"https:\/\/honorata-skarbek.com\/lt\/wp-json\/wp\/v2\/types\/page"}],"author":[{"embeddable":true,"href":"https:\/\/honorata-skarbek.com\/lt\/wp-json\/wp\/v2\/users\/1"}],"replies":[{"embeddable":true,"href":"https:\/\/honorata-skarbek.com\/lt\/wp-json\/wp\/v2\/comments?post=11"}],"version-history":[{"count":0,"href":"https:\/\/honorata-skarbek.com\/lt\/wp-json\/wp\/v2\/pages\/11\/revisions"}],"wp:attachment":[{"href":"https:\/\/honorata-skarbek.com\/lt\/wp-json\/wp\/v2\/media?parent=11"}],"curies":[{"name":"wp","href":"https:\/\/api.w.org\/{rel}","templated":true}]}}