{"id":2,"date":"2021-02-02T06:42:18","date_gmt":"2021-02-02T06:42:18","guid":{"rendered":"https:\/\/honorata-skarbek.com\/?page_id=2"},"modified":"2021-02-02T06:42:18","modified_gmt":"2021-02-02T06:42:18","slug":"pavyzdzio-puslapis","status":"publish","type":"page","link":"https:\/\/honorata-skarbek.com\/lt\/pavyzdzio-puslapis\/","title":{"rendered":"Pavyzdinis puslapis"},"content":{"rendered":"<p>Tai puslapio pavyzdys. Jis skiriasi nuo tinklara\u0161\u010dio \u012fra\u0161o, nes bus laikomas vienoje vietoje ir rodomas svetain\u0117s navigacijoje (daugumoje tem\u0173). Dauguma \u017emoni\u0173 pradeda nuo puslapio \"Apie\", kuriame jie pristatomi potencialiems svetain\u0117s lankytojams. Jame gali b\u016bti para\u0161yta ma\u017edaug taip:<\/p>\n\n\n\n<blockquote class=\"wp-block-quote is-layout-flow wp-block-quote-is-layout-flow\"><p>Sveiki! Dien\u0105 dirbu dvira\u010di\u0173 kurjeriu, nakt\u012f esu pradedantis aktorius, o tai yra mano svetain\u0117. Gyvenu Los And\u017eele, turiu puik\u0173 \u0161un\u012f, vardu D\u017eekas, ir m\u0117gstu \"pi\u00f1a coladas\". (Ir u\u017ekluptas lietaus.)<\/p><\/blockquote>\n\n\n\n<p>...arba pana\u0161iai:<\/p>\n\n\n\n<blockquote class=\"wp-block-quote is-layout-flow wp-block-quote-is-layout-flow\"><p>Bendrov\u0117 \"XYZ Doohickey Company\" buvo \u012fkurta 1971 m. ir nuo to laiko visuomenei tiekia kokybi\u0161kus \u017eaisliukus. Gothamo mieste \u012fsik\u016brusioje \"XYZ\" dirba daugiau nei 2 000 \u017emoni\u0173 ir ji daro daugyb\u0119 nuostabi\u0173 dalyk\u0173 Gothamo bendruomenei.<\/p><\/blockquote>\n\n\n\n<p>Kaip naujas \"WordPress\" naudotojas, tur\u0117tum\u0117te eiti \u012f <a href=\"https:\/\/honorata-skarbek.com\/wp-admin\/\">j\u016bs\u0173 prietais\u0173 skydelis<\/a> i\u0161trinti \u0161\u012f puslap\u012f ir sukurti naujus puslapius savo turiniui. Smagiai praleiskite laik\u0105!<\/p>","protected":false},"excerpt":{"rendered":"<p>This is an example page. It&#8217;s different from a blog post because it will stay in one place and will show up in your site navigation (in most themes). Most people start with an About page that introduces them to potential site visitors. It might say something like this: Hi there! I&#8217;m a bike messenger &#8230; <a title=\"Pavyzdinis puslapis\" class=\"read-more\" href=\"https:\/\/honorata-skarbek.com\/lt\/pavyzdzio-puslapis\/\" aria-label=\"More on Sample Page\">Skaityti daugiau<\/a><\/p>","protected":false},"author":1,"featured_media":0,"parent":0,"menu_order":0,"comment_status":"closed","ping_status":"open","template":"","meta":{"footnotes":""},"class_list":["post-2","page","type-page","status-publish"],"_links":{"self":[{"href":"https:\/\/honorata-skarbek.com\/lt\/wp-json\/wp\/v2\/pages\/2","targetHints":{"allow":["GET"]}}],"collection":[{"href":"https:\/\/honorata-skarbek.com\/lt\/wp-json\/wp\/v2\/pages"}],"about":[{"href":"https:\/\/honorata-skarbek.com\/lt\/wp-json\/wp\/v2\/types\/page"}],"author":[{"embeddable":true,"href":"https:\/\/honorata-skarbek.com\/lt\/wp-json\/wp\/v2\/users\/1"}],"replies":[{"embeddable":true,"href":"https:\/\/honorata-skarbek.com\/lt\/wp-json\/wp\/v2\/comments?post=2"}],"version-history":[{"count":0,"href":"https:\/\/honorata-skarbek.com\/lt\/wp-json\/wp\/v2\/pages\/2\/revisions"}],"wp:attachment":[{"href":"https:\/\/honorata-skarbek.com\/lt\/wp-json\/wp\/v2\/media?parent=2"}],"curies":[{"name":"wp","href":"https:\/\/api.w.org\/{rel}","templated":true}]}}