{"id":3,"date":"2021-02-02T06:42:18","date_gmt":"2021-02-02T06:42:18","guid":{"rendered":"https:\/\/honorata-skarbek.com\/?page_id=3"},"modified":"2023-08-18T13:23:02","modified_gmt":"2023-08-18T13:23:02","slug":"privatumo-politika","status":"publish","type":"page","link":"https:\/\/honorata-skarbek.com\/lt\/privatumo-politika\/","title":{"rendered":"Privatumo politika"},"content":{"rendered":"<div id=\"ez-toc-container\" class=\"ez-toc-v2_0_82_2 counter-hierarchy ez-toc-counter ez-toc-light-blue ez-toc-container-direction\">\n<p class=\"ez-toc-title\" style=\"cursor:inherit\">Turinys<\/p>\n<label for=\"ez-toc-cssicon-toggle-item-69f508f1adab8\" class=\"ez-toc-cssicon-toggle-label\"><span class=\"\"><span class=\"eztoc-hide\" style=\"display:none;\">Perjungti<\/span><span class=\"ez-toc-icon-toggle-span\"><svg style=\"fill: #999;color:#999\" xmlns=\"http:\/\/www.w3.org\/2000\/svg\" class=\"list-377408\" width=\"20px\" height=\"20px\" viewbox=\"0 0 24 24\" fill=\"none\"><path d=\"M6 6H4v2h2V6zm14 0H8v2h12V6zM4 11h2v2H4v-2zm16 0H8v2h12v-2zM4 16h2v2H4v-2zm16 0H8v2h12v-2z\" fill=\"currentColor\"><\/path><\/svg><svg style=\"fill: #999;color:#999\" class=\"arrow-unsorted-368013\" xmlns=\"http:\/\/www.w3.org\/2000\/svg\" width=\"10px\" height=\"10px\" viewbox=\"0 0 24 24\" version=\"1.2\" baseprofile=\"tiny\"><path d=\"M18.2 9.3l-6.2-6.3-6.2 6.3c-.2.2-.3.4-.3.7s.1.5.3.7c.2.2.4.3.7.3h11c.3 0 .5-.1.7-.3.2-.2.3-.5.3-.7s-.1-.5-.3-.7zM5.8 14.7l6.2 6.3 6.2-6.3c.2-.2.3-.5.3-.7s-.1-.5-.3-.7c-.2-.2-.4-.3-.7-.3h-11c-.3 0-.5.1-.7.3-.2.2-.3.5-.3.7s.1.5.3.7z\"\/><\/svg><\/span><\/span><\/label><input type=\"checkbox\"  id=\"ez-toc-cssicon-toggle-item-69f508f1adab8\" checked aria-label=\"Perjungti\" \/><nav><ul class='ez-toc-list ez-toc-list-level-1' ><li class='ez-toc-page-1 ez-toc-heading-level-2'><a class=\"ez-toc-link ez-toc-heading-1\" href=\"https:\/\/honorata-skarbek.com\/lt\/privatumo-politika\/#Gromadzenie_informacji_i_ochrona_danych_osobowych\" >Informacijos rinkimas ir asmens duomen\u0173 apsauga<\/a><\/li><li class='ez-toc-page-1 ez-toc-heading-level-2'><a class=\"ez-toc-link ez-toc-heading-2\" href=\"https:\/\/honorata-skarbek.com\/lt\/privatumo-politika\/#Komentarze\" >Komentarai<\/a><\/li><li class='ez-toc-page-1 ez-toc-heading-level-2'><a class=\"ez-toc-link ez-toc-heading-3\" href=\"https:\/\/honorata-skarbek.com\/lt\/privatumo-politika\/#Formularz_kontaktowy\" >Kontaktin\u0117 forma<\/a><\/li><li class='ez-toc-page-1 ez-toc-heading-level-2'><a class=\"ez-toc-link ez-toc-heading-4\" href=\"https:\/\/honorata-skarbek.com\/lt\/privatumo-politika\/#Pliki_cookies\" >Slapukai<\/a><\/li><li class='ez-toc-page-1 ez-toc-heading-level-2'><a class=\"ez-toc-link ez-toc-heading-5\" href=\"https:\/\/honorata-skarbek.com\/lt\/privatumo-politika\/#Prawo_dostepu_do_danych\" >Teis\u0117 susipa\u017einti su duomenimis<\/a><\/li><li class='ez-toc-page-1 ez-toc-heading-level-2'><a class=\"ez-toc-link ez-toc-heading-6\" href=\"https:\/\/honorata-skarbek.com\/lt\/privatumo-politika\/#Logi_serwera\" >Serverio \u017eurnalai<\/a><\/li><li class='ez-toc-page-1 ez-toc-heading-level-2'><a class=\"ez-toc-link ez-toc-heading-7\" href=\"https:\/\/honorata-skarbek.com\/lt\/privatumo-politika\/#Zgoda\" >Sutikimas<\/a><\/li><\/ul><\/nav><\/div>\n\n<p>Privatumo politika<\/p>\n\n\n\n<p>Siekdami u\u017etikrinti j\u016bs\u0173 saugum\u0105 ir privatum\u0105, pareng\u0117me dokument\u0105, kuriame rasite asmens duomen\u0173 tvarkymo ir slapuk\u0173 naudojimo taisykles, susijusias su svetain\u0117s https:\/\/honorata-skarbek.com\/ naudojimu.<\/p>\n\n\n\n<h2 class=\"wp-block-heading\"><span class=\"ez-toc-section\" id=\"Gromadzenie_informacji_i_ochrona_danych_osobowych\"><\/span><strong>Informacijos rinkimas ir asmens duomen\u0173 apsauga<\/strong><span class=\"ez-toc-section-end\"><\/span><\/h2>\n\n\n\n<p>Svetain\u0117 atitinka galiojan\u010dius duomen\u0173 apsaugos teis\u0117s aktus, o jos administratorius siekia u\u017etikrinti, kad visi ja besinaudojantys asmenys jaust\u0173si saug\u016bs.<\/p>\n\n\n\n<p>Pateikti asmens duomenys bus tinkamai apsaugoti, kad nepatekt\u0173 \u012f ne\u012fgaliot\u0173 asmen\u0173 rankas. Jie taip pat nebus perduodami, perparduodami ar netinkamai naudojami. Atkreipkite d\u0117mes\u012f, kad asmens duomenis visada pateikiate savanori\u0161kai, ta\u010diau jie taip pat b\u016btini norint prid\u0117ti komentar\u0105 tinklara\u0161tyje arba susisiekti su mumis per kontaktin\u0119 form\u0105.<\/p>\n\n\n\n<h2 class=\"wp-block-heading\"><span class=\"ez-toc-section\" id=\"Komentarze\"><\/span><strong>Komentarai<\/strong><span class=\"ez-toc-section-end\"><\/span><\/h2>\n\n\n\n<p>Kai svetain\u0117s lankytojas palieka komentar\u0105, renkame komentaro formoje matomus duomenis, taip pat lankytojo IP adres\u0105 ir nar\u0161ykl\u0117s para\u0161\u0105, kad b\u016bt\u0173 lengviau aptikti nepageidaujamus lai\u0161kus. Komentaras paliekamas visi\u0161kai savanori\u0161kai. Ta\u010diau pasirinkdami palikti komentar\u0105 j\u016bs sutinkate, kad j\u016bs\u0173 pateikti asmens duomenys b\u016bt\u0173 tvarkomi.<\/p>\n\n\n\n<h2 class=\"wp-block-heading\"><span class=\"ez-toc-section\" id=\"Formularz_kontaktowy\"><\/span><strong>Kontaktin\u0117 forma<\/strong><span class=\"ez-toc-section-end\"><\/span><\/h2>\n\n\n\n<p>Tinklara\u0161tyje, adresu https:\/\/honorata-skarbek.com\/kontakt\/, yra kontaktin\u0117 forma, kuria galite susisiekti su mumis. U\u017epildant kontaktin\u0119 form\u0105 reikia pateikti asmens duomenis, kurie naudojami susisiekti su form\u0105 pateikusiu asmeniu, kad b\u016bt\u0173 galima atsakyti \u012f u\u017eklaus\u0105 ar pra\u0161ym\u0105. Formoje atsi\u0173st\u0105 informacij\u0105 saugome klient\u0173 aptarnavimo tikslais neribot\u0105 laik\u0105, ta\u010diau tokiu b\u016bdu gauta informacija nenaudojama rinkodaros tikslais.<\/p>\n\n\n\n<h2 class=\"wp-block-heading\"><span class=\"ez-toc-section\" id=\"Pliki_cookies\"><\/span><strong>Slapukai<\/strong><span class=\"ez-toc-section-end\"><\/span><\/h2>\n\n\n\n<p>Svetain\u0117je naudojami slapukai, kurie naudojami svetain\u0117s puslapi\u0173 turiniui pritaikyti, kad puslapis b\u016bt\u0173 tinkamai rodomas naudotojo \u012frenginyje, statistiniams duomenims, kurie padeda suprasti, kaip svetain\u0117s naudotojai naudojasi svetain\u0117mis ir kurie svetain\u0117s puslapiai yra populiariausi, kurti ir naudotojams pateikti reklamin\u012f turin\u012f pagal j\u0173 interesus.<\/p>\n\n\n\n<p>Pirm\u0105 kart\u0105 apsilankius tinklara\u0161tyje, rodomas prane\u0161imas apie slapuk\u0173 naudojim\u0105. \u0160io prane\u0161imo pri\u0117mimas rei\u0161kia, kad sutinkate naudoti slapukus pagal \u0161ios privatumo politikos nuostatas. \u0160\u012f sutikim\u0105 visada galite at\u0161aukti. Nor\u0117dami tai padaryti, i\u0161trinkite slapukus ir pakeiskite slapuk\u0173 nustatymus savo nar\u0161ykl\u0117je.<\/p>\n\n\n\n<p>Naudojami slapukai nesaugo joki\u0173 asmenini\u0173 duomen\u0173 ar kitos i\u0161 naudotoj\u0173 surinktos informacijos ir yra renkami tik statistikos tikslais.<\/p>\n\n\n\n<p>Tinklara\u0161tyje naudojami \u0161i\u0173 tip\u0173 slapukai:<\/p>\n\n\n\n<ul class=\"wp-block-list\">\n<li>B\u016btiniausi - slapukai padeda naudotis svetaine, nes leid\u017eia atlikti pagrindines funkcijas, tokias kaip svetain\u0117s navigacija ir prieiga prie saugi\u0173 svetain\u0117s sri\u010di\u0173. Be \u0161i\u0173 slapuk\u0173 svetain\u0117 negali tinkamai veikti.<\/li>\n\n\n\n<li>Nustatymai - slapukai padeda u\u017etikrinti svetain\u0117s patogum\u0105, nes leid\u017eia atlikti pagrindines funkcijas, tokias kaip svetain\u0117s navigacija ir prieiga prie saugi\u0173 svetain\u0117s sri\u010di\u0173. Be \u0161i\u0173 slapuk\u0173 svetain\u0117 negali tinkamai veikti.<\/li>\n\n\n\n<li>Statistika - statistiniai slapukai padeda svetain\u0117s savininkams suprasti, kaip skirtingi naudotojai elgiasi svetain\u0117je, nes renka ir pateikia anonimin\u0119 informacij\u0105, t. y. \"Yandex\" metrika - naudojama informacijai apie naudotoj\u0173 veiksmus tinklara\u0161tyje rinkti: srauto statistik\u0105, paspaudim\u0173 skai\u010di\u0173 ir atskir\u0173 sesij\u0173 \u012fra\u0161us. Tai leid\u017eia mums steb\u0117ti naudotoj\u0173, bendraujan\u010di\u0173 su svetaine, patirt\u012f, o tai suteiks ne\u012fkainojam\u0105 pagalb\u0105 optimizuojant svetain\u0119. \u0160i informacija renkama siekiant analizuoti turin\u012f ir naudotoj\u0173 susidom\u0117jim\u0105, kad gal\u0117tume kurti turin\u012f skaitytoj\u0173 interesams artimomis temomis.<\/li>\n\n\n\n<li>Nesuklasifikuoti - nesuklasifikuoti slapukai - tai slapukai, kurie dar tik klasifikuojami, kartu su atskir\u0173 slapuk\u0173 teik\u0117jais.<\/li>\n<\/ul>\n\n\n\n<h2 class=\"wp-block-heading\"><span class=\"ez-toc-section\" id=\"Prawo_dostepu_do_danych\"><\/span><strong>Teis\u0117 susipa\u017einti su duomenimis<\/strong><span class=\"ez-toc-section-end\"><\/span><\/h2>\n\n\n\n<p>Tvarkydami savo asmens duomenis turite \u0161ias teises:<\/p>\n\n\n\n<ul class=\"wp-block-list\">\n<li>Teis\u0117 reikalauti, kad duomen\u0173 valdytojas leist\u0173 susipa\u017einti su j\u016bs\u0173 asmens duomenimis;<\/li>\n\n\n\n<li>teis\u0117 i\u0161taisyti duomenis;<\/li>\n\n\n\n<li>teis\u0119 \u012f i\u0161trynim\u0105;<\/li>\n\n\n\n<li>teis\u0117 apriboti duomen\u0173 tvarkym\u0105;<\/li>\n\n\n\n<li>Teis\u0117 nesutikti su duomen\u0173 tvarkymu;<\/li>\n\n\n\n<li>Teis\u0117 \u012f duomen\u0173 perkeliamum\u0105 (kiek tai techni\u0161kai \u012fmanoma);<\/li>\n\n\n\n<li>teis\u0119 at\u0161aukti sutikim\u0105 tvarkyti asmens duomenis konkre\u010diu tikslu, jei toks sutikimas buvo duotas anks\u010diau;<\/li>\n\n\n\n<li>Teis\u0117 pateikti skund\u0105 prie\u017ei\u016bros institucijai d\u0117l asmens duomen\u0173 tvarkymo.<\/li>\n<\/ul>\n\n\n\n<h2 class=\"wp-block-heading\"><span class=\"ez-toc-section\" id=\"Logi_serwera\"><\/span><strong>Serverio \u017eurnalai<\/strong><span class=\"ez-toc-section-end\"><\/span><\/h2>\n\n\n\n<p>Naudojantis svetaine siun\u010diamos u\u017eklausos \u012f server\u012f, kuriame saugoma svetain\u0117. Kiekviena u\u017eklausa, pateikta serveriui, \u012fra\u0161oma \u012f serverio \u017eurnalus.<\/p>\n\n\n\n<p>\u012e \u017eurnalus, be kita ko, \u012ftraukiamas j\u016bs\u0173 IP adresas, serverio data ir laikas, informacija apie interneto nar\u0161ykl\u0119 ir naudojam\u0105 operacin\u0119 sistem\u0105. \u017durnalai \u012fra\u0161omi ir saugomi serveryje.<\/p>\n\n\n\n<p>Duomenys, saugomi serverio \u017eurnaluose, nesiejami su konkre\u010diais svetain\u0117s naudotojais ir nenaudojami naudotojo tapatybei nustatyti.<\/p>\n\n\n\n<p>Serverio \u017eurnalai yra tik pagalbin\u0117 med\u017eiaga, skirta svetainei administruoti, ir j\u0173 turinys neatskleid\u017eiamas niekam kitam, i\u0161skyrus tuos, kurie \u012fgalioti administruoti server\u012f.<\/p>\n\n\n\n<h2 class=\"wp-block-heading\"><span class=\"ez-toc-section\" id=\"Zgoda\"><\/span><strong>Sutikimas<\/strong><span class=\"ez-toc-section-end\"><\/span><\/h2>\n\n\n\n<p><strong>Naudodamiesi interneto svetaine https:\/\/www.honorata-skarbek.com\/, j\u016bs patvirtinate, kad perskait\u0117te ir sutinkate su m\u016bs\u0173 privatumo politika.<\/strong><\/p>\n\n\n\n<p>\u0160ioje svetain\u0117je pateikiami straipsniai, pagr\u012fsti subjektyvia nuomone, ir tai n\u0117ra medicinin\u0117 konsultacija. Mes neatsakome u\u017e netinkam\u0105 svetain\u0117je pateiktos informacijos naudojim\u0105. Maisto papildai skirti tik papildyti \u012fprast\u0105 mityb\u0105, jie neturi gydom\u0173j\u0173 savybi\u0173. Prie\u0161 \u012fsigydami produktus, pasitikslinkite \u010dia pateikiam\u0105 turin\u012f, statistinius duomenis ir citatas su gamintoju. Jei abejojate d\u0117l \u010dia skelbiamo turinio <a href=\"https:\/\/honorata-skarbek.com\/lt\/susisiekite-su\/\" target=\"_blank\" data-type=\"page\" data-id=\"18\" rel=\"noreferrer noopener\">susisiekite su mumis.<\/a><\/p>\n\n\n\n<p><\/p>","protected":false},"excerpt":{"rendered":"<p>Polityka Prywatno\u015bci W trosce o Twoje bezpiecze\u0144stwo i prywatno\u015b\u0107 przygotowali\u015bmy dokument, w kt\u00f3rym znajdziesz zasady przetwarzania danych osobowych oraz wykorzystania plik\u00f3w cookies w zwi\u0105zku z korzystaniem ze strony internetowej https:\/\/honorata-skarbek.com\/. Gromadzenie informacji i ochrona danych osobowych Strona przestrzega aktualnych przepis\u00f3w o ochronie danych osobowych, a jej administrator dok\u0142ada wszelkich stara\u0144, by wszystkie osoby korzystaj\u0105ce z &#8230; <a title=\"Privatumo politika\" class=\"read-more\" href=\"https:\/\/honorata-skarbek.com\/lt\/privatumo-politika\/\" aria-label=\"More on Polityka Prywatno\u015bci\">Skaityti daugiau<\/a><\/p>","protected":false},"author":1,"featured_media":0,"parent":0,"menu_order":0,"comment_status":"closed","ping_status":"open","template":"","meta":{"footnotes":""},"class_list":["post-3","page","type-page","status-publish"],"_links":{"self":[{"href":"https:\/\/honorata-skarbek.com\/lt\/wp-json\/wp\/v2\/pages\/3","targetHints":{"allow":["GET"]}}],"collection":[{"href":"https:\/\/honorata-skarbek.com\/lt\/wp-json\/wp\/v2\/pages"}],"about":[{"href":"https:\/\/honorata-skarbek.com\/lt\/wp-json\/wp\/v2\/types\/page"}],"author":[{"embeddable":true,"href":"https:\/\/honorata-skarbek.com\/lt\/wp-json\/wp\/v2\/users\/1"}],"replies":[{"embeddable":true,"href":"https:\/\/honorata-skarbek.com\/lt\/wp-json\/wp\/v2\/comments?post=3"}],"version-history":[{"count":0,"href":"https:\/\/honorata-skarbek.com\/lt\/wp-json\/wp\/v2\/pages\/3\/revisions"}],"wp:attachment":[{"href":"https:\/\/honorata-skarbek.com\/lt\/wp-json\/wp\/v2\/media?parent=3"}],"curies":[{"name":"wp","href":"https:\/\/api.w.org\/{rel}","templated":true}]}}