{"id":3,"date":"2021-02-02T06:42:18","date_gmt":"2021-02-02T06:42:18","guid":{"rendered":"https:\/\/honorata-skarbek.com\/?page_id=3"},"modified":"2023-08-18T13:23:02","modified_gmt":"2023-08-18T13:23:02","slug":"privacybeleid","status":"publish","type":"page","link":"https:\/\/honorata-skarbek.com\/nl\/privacybeleid\/","title":{"rendered":"Privacybeleid"},"content":{"rendered":"<div id=\"ez-toc-container\" class=\"ez-toc-v2_0_82_2 counter-hierarchy ez-toc-counter ez-toc-light-blue ez-toc-container-direction\">\n<p class=\"ez-toc-title\" style=\"cursor:inherit\">Inhoudsopgave<\/p>\n<label for=\"ez-toc-cssicon-toggle-item-69ea0cc4730b7\" class=\"ez-toc-cssicon-toggle-label\"><span class=\"\"><span class=\"eztoc-hide\" style=\"display:none;\">Schakel<\/span><span class=\"ez-toc-icon-toggle-span\"><svg style=\"fill: #999;color:#999\" xmlns=\"http:\/\/www.w3.org\/2000\/svg\" class=\"list-377408\" width=\"20px\" height=\"20px\" viewbox=\"0 0 24 24\" fill=\"none\"><path d=\"M6 6H4v2h2V6zm14 0H8v2h12V6zM4 11h2v2H4v-2zm16 0H8v2h12v-2zM4 16h2v2H4v-2zm16 0H8v2h12v-2z\" fill=\"currentColor\"><\/path><\/svg><svg style=\"fill: #999;color:#999\" class=\"arrow-unsorted-368013\" xmlns=\"http:\/\/www.w3.org\/2000\/svg\" width=\"10px\" height=\"10px\" viewbox=\"0 0 24 24\" version=\"1.2\" baseprofile=\"tiny\"><path d=\"M18.2 9.3l-6.2-6.3-6.2 6.3c-.2.2-.3.4-.3.7s.1.5.3.7c.2.2.4.3.7.3h11c.3 0 .5-.1.7-.3.2-.2.3-.5.3-.7s-.1-.5-.3-.7zM5.8 14.7l6.2 6.3 6.2-6.3c.2-.2.3-.5.3-.7s-.1-.5-.3-.7c-.2-.2-.4-.3-.7-.3h-11c-.3 0-.5.1-.7.3-.2.2-.3.5-.3.7s.1.5.3.7z\"\/><\/svg><\/span><\/span><\/label><input type=\"checkbox\"  id=\"ez-toc-cssicon-toggle-item-69ea0cc4730b7\" checked aria-label=\"Schakel\" \/><nav><ul class='ez-toc-list ez-toc-list-level-1' ><li class='ez-toc-page-1 ez-toc-heading-level-2'><a class=\"ez-toc-link ez-toc-heading-1\" href=\"https:\/\/honorata-skarbek.com\/nl\/privacybeleid\/#Gromadzenie_informacji_i_ochrona_danych_osobowych\" >Verzamelen van informatie en bescherming van persoonlijke gegevens<\/a><\/li><li class='ez-toc-page-1 ez-toc-heading-level-2'><a class=\"ez-toc-link ez-toc-heading-2\" href=\"https:\/\/honorata-skarbek.com\/nl\/privacybeleid\/#Komentarze\" >Reacties<\/a><\/li><li class='ez-toc-page-1 ez-toc-heading-level-2'><a class=\"ez-toc-link ez-toc-heading-3\" href=\"https:\/\/honorata-skarbek.com\/nl\/privacybeleid\/#Formularz_kontaktowy\" >Contactformulier<\/a><\/li><li class='ez-toc-page-1 ez-toc-heading-level-2'><a class=\"ez-toc-link ez-toc-heading-4\" href=\"https:\/\/honorata-skarbek.com\/nl\/privacybeleid\/#Pliki_cookies\" >Cookies<\/a><\/li><li class='ez-toc-page-1 ez-toc-heading-level-2'><a class=\"ez-toc-link ez-toc-heading-5\" href=\"https:\/\/honorata-skarbek.com\/nl\/privacybeleid\/#Prawo_dostepu_do_danych\" >Recht op toegang tot gegevens<\/a><\/li><li class='ez-toc-page-1 ez-toc-heading-level-2'><a class=\"ez-toc-link ez-toc-heading-6\" href=\"https:\/\/honorata-skarbek.com\/nl\/privacybeleid\/#Logi_serwera\" >Serverlogboeken<\/a><\/li><li class='ez-toc-page-1 ez-toc-heading-level-2'><a class=\"ez-toc-link ez-toc-heading-7\" href=\"https:\/\/honorata-skarbek.com\/nl\/privacybeleid\/#Zgoda\" >Toestemming<\/a><\/li><\/ul><\/nav><\/div>\n\n<p>Privacybeleid<\/p>\n\n\n\n<p>Voor uw veiligheid en privacy hebben we een document opgesteld waarin u de regels vindt voor de verwerking van persoonsgegevens en het gebruik van cookies in verband met het gebruik van de website https:\/\/honorata-skarbek.com\/.<\/p>\n\n\n\n<h2 class=\"wp-block-heading\"><span class=\"ez-toc-section\" id=\"Gromadzenie_informacji_i_ochrona_danych_osobowych\"><\/span><strong>Verzamelen van informatie en bescherming van persoonlijke gegevens<\/strong><span class=\"ez-toc-section-end\"><\/span><\/h2>\n\n\n\n<p>De website voldoet aan de huidige wetgeving inzake gegevensbescherming en de beheerder doet er alles aan om ervoor te zorgen dat iedereen die de website gebruikt zich veilig voelt.<\/p>\n\n\n\n<p>De verstrekte persoonlijke gegevens worden naar behoren beschermd zodat ze niet in handen vallen van onbevoegden. Ze zullen ook niet worden overgedragen, doorverkocht of misbruikt. Houd er rekening mee dat het altijd vrijwillig is voor u om persoonlijke gegevens te verstrekken, maar het is ook noodzakelijk om een reactie op de blog toe te voegen of om contact met ons op te nemen via het contactformulier.<\/p>\n\n\n\n<h2 class=\"wp-block-heading\"><span class=\"ez-toc-section\" id=\"Komentarze\"><\/span><strong>Reacties<\/strong><span class=\"ez-toc-section-end\"><\/span><\/h2>\n\n\n\n<p>Wanneer een bezoeker van de site een commentaar achterlaat, verzamelen we de gegevens die zichtbaar zijn in het commentaarformulier, evenals het IP-adres en de browserhandtekening van de bezoeker als hulpmiddel voor spamdetectie. Het achterlaten van een reactie is geheel vrijwillig. Door een reactie achter te laten, geeft u echter toestemming voor de verwerking van de persoonlijke gegevens die u verstrekt.<\/p>\n\n\n\n<h2 class=\"wp-block-heading\"><span class=\"ez-toc-section\" id=\"Formularz_kontaktowy\"><\/span><strong>Contactformulier<\/strong><span class=\"ez-toc-section-end\"><\/span><\/h2>\n\n\n\n<p>Er is een contactformulier op de Blog, op https:\/\/honorata-skarbek.com\/kontakt\/, dat u kunt gebruiken om contact met ons op te nemen. Het invullen van het contactformulier vereist het indienen van persoonlijke gegevens, die worden gebruikt om contact op te nemen met de persoon die het formulier heeft ingediend om te reageren op de vraag of het verzoek. De informatie die via het formulier wordt verzonden, wordt voor onbepaalde tijd door ons opgeslagen ten behoeve van de klantenservice, maar de op deze manier verkregen informatie wordt niet gebruikt voor marketingdoeleinden.<\/p>\n\n\n\n<h2 class=\"wp-block-heading\"><span class=\"ez-toc-section\" id=\"Pliki_cookies\"><\/span><strong>Cookies<\/strong><span class=\"ez-toc-section-end\"><\/span><\/h2>\n\n\n\n<p>De website maakt gebruik van cookies, die worden gebruikt om de inhoud van websitepagina's aan te passen zodat de pagina correct wordt weergegeven op het apparaat van de gebruiker, om statistieken te maken die ons helpen te begrijpen hoe websitegebruikers de websites gebruiken en welke pagina's van de website het populairst zijn, en om gebruikers reclamecontent te bieden op basis van hun interesses.<\/p>\n\n\n\n<p>Wanneer je de Blog voor het eerst bezoekt, wordt er een mededeling over het gebruik van cookies weergegeven. Door deze mededeling te accepteren, geef je toestemming voor het gebruik van cookies in overeenstemming met de bepalingen van dit privacybeleid. Je kunt deze toestemming altijd intrekken. Verwijder hiervoor de cookies en wijzig de cookie-instellingen in je browser.<\/p>\n\n\n\n<p>De gebruikte cookies slaan geen persoonlijke gegevens of andere informatie van gebruikers op en worden alleen verzameld voor statistische doeleinden.<\/p>\n\n\n\n<p>De Blog gebruikt de volgende soorten cookies:<\/p>\n\n\n\n<ul class=\"wp-block-list\">\n<li>Essentieel - cookies dragen bij aan de bruikbaarheid van de website door basisfuncties mogelijk te maken, zoals websitenavigatie en toegang tot beveiligde delen van de website. Zonder deze cookies kan de website niet naar behoren functioneren.<\/li>\n\n\n\n<li>Voorkeuren - cookies dragen bij aan de bruikbaarheid van de website door basisfuncties mogelijk te maken, zoals websitenavigatie en toegang tot beveiligde delen van de website. Zonder deze cookies kan de website niet naar behoren functioneren.<\/li>\n\n\n\n<li>Statistieken - Statistische cookies helpen website-eigenaren te begrijpen hoe verschillende gebruikers zich op de site gedragen door anonieme informatie te verzamelen en te rapporteren, bijv. Yandex metrics - gebruikt om informatie te verzamelen over gebruikersacties op de Blog - verkeersstatistieken, aantal klikken en registraties van individuele sessies. Dit stelt ons in staat om de ervaring van gebruikers in interactie met de site te volgen, wat van onschatbare waarde is voor het optimaliseren van de site. Deze informatie wordt verzameld om inhoud en interesses van gebruikers te analyseren, zodat we inhoud kunnen cre\u00ebren over onderwerpen die nauw aansluiten bij de interesses van onze lezers.<\/li>\n\n\n\n<li>Ongeclassificeerd - Ongeclassificeerde cookies zijn cookies die nog worden geclassificeerd, samen met de aanbieders van de individuele cookies.<\/li>\n<\/ul>\n\n\n\n<h2 class=\"wp-block-heading\"><span class=\"ez-toc-section\" id=\"Prawo_dostepu_do_danych\"><\/span><strong>Recht op toegang tot gegevens<\/strong><span class=\"ez-toc-section-end\"><\/span><\/h2>\n\n\n\n<p>In verband met de verwerking van uw persoonlijke gegevens hebt u de volgende rechten:<\/p>\n\n\n\n<ul class=\"wp-block-list\">\n<li>Het recht om van de verwerkingsverantwoordelijke toegang te vragen tot uw persoonlijke gegevens;<\/li>\n\n\n\n<li>het recht op rectificatie van gegevens;<\/li>\n\n\n\n<li>het recht op wissen;<\/li>\n\n\n\n<li>het recht om de verwerking te beperken;<\/li>\n\n\n\n<li>Het recht om bezwaar te maken tegen verwerking;<\/li>\n\n\n\n<li>Het recht op gegevensoverdraagbaarheid (voor zover technisch mogelijk);<\/li>\n\n\n\n<li>het recht om de toestemming voor de verwerking van persoonsgegevens voor een specifiek doel in te trekken, wanneer deze toestemming eerder is gegeven;<\/li>\n\n\n\n<li>Het recht om een klacht in te dienen bij een toezichthoudende autoriteit met betrekking tot de verwerking van persoonsgegevens.<\/li>\n<\/ul>\n\n\n\n<h2 class=\"wp-block-heading\"><span class=\"ez-toc-section\" id=\"Logi_serwera\"><\/span><strong>Serverlogboeken<\/strong><span class=\"ez-toc-section-end\"><\/span><\/h2>\n\n\n\n<p>Het gebruik van de website houdt in dat er verzoeken worden verzonden naar de server waar de website is opgeslagen. Elk verzoek aan de server wordt vastgelegd in de logboeken van de server.<\/p>\n\n\n\n<p>De logs bevatten onder andere uw IP-adres, de datum en tijd van de server, informatie over uw webbrowser en het besturingssysteem dat u gebruikt. De logs worden opgeslagen en bewaard op de server.<\/p>\n\n\n\n<p>De gegevens die worden opgeslagen in de serverlogs worden niet gekoppeld aan specifieke gebruikers van de website en worden niet gebruikt om de gebruiker te identificeren.<\/p>\n\n\n\n<p>De serverlogs zijn alleen ondersteunend materiaal voor de administratie van de site en de inhoud ervan wordt niet bekendgemaakt aan anderen dan degenen die bevoegd zijn om de server te beheren.<\/p>\n\n\n\n<h2 class=\"wp-block-heading\"><span class=\"ez-toc-section\" id=\"Zgoda\"><\/span><strong>Toestemming<\/strong><span class=\"ez-toc-section-end\"><\/span><\/h2>\n\n\n\n<p><strong>Door de website https:\/\/www.honorata-skarbek.com\/ te gebruiken, verklaart u dat u ons privacybeleid hebt gelezen en ermee akkoord gaat.<\/strong><\/p>\n\n\n\n<p>Deze website bevat artikelen gebaseerd op subjectieve meningen en vormt geen medisch advies. Wij zijn niet verantwoordelijk voor misbruik van de informatie op de website. Voedingssupplementen zijn alleen bedoeld als aanvulling op een normaal dieet, ze hebben geen medicinale werking. Voordat u producten aanschaft, dient u de inhoud, statistieken en citaten op deze website te verifi\u00ebren bij de fabrikant. Bij twijfel over de hier gepubliceerde inhoud <a href=\"https:\/\/honorata-skarbek.com\/nl\/neem-contact-op-met\/\" target=\"_blank\" data-type=\"page\" data-id=\"18\" rel=\"noreferrer noopener\">contact met ons opnemen.<\/a><\/p>\n\n\n\n<p><\/p>","protected":false},"excerpt":{"rendered":"<p>Polityka Prywatno\u015bci W trosce o Twoje bezpiecze\u0144stwo i prywatno\u015b\u0107 przygotowali\u015bmy dokument, w kt\u00f3rym znajdziesz zasady przetwarzania danych osobowych oraz wykorzystania plik\u00f3w cookies w zwi\u0105zku z korzystaniem ze strony internetowej https:\/\/honorata-skarbek.com\/. Gromadzenie informacji i ochrona danych osobowych Strona przestrzega aktualnych przepis\u00f3w o ochronie danych osobowych, a jej administrator dok\u0142ada wszelkich stara\u0144, by wszystkie osoby korzystaj\u0105ce z &#8230; <a title=\"Privacybeleid\" class=\"read-more\" href=\"https:\/\/honorata-skarbek.com\/nl\/privacybeleid\/\" aria-label=\"Meer op Polityka Prywatno\u015bci\">Lees meer<\/a><\/p>","protected":false},"author":1,"featured_media":0,"parent":0,"menu_order":0,"comment_status":"closed","ping_status":"open","template":"","meta":{"footnotes":""},"class_list":["post-3","page","type-page","status-publish"],"_links":{"self":[{"href":"https:\/\/honorata-skarbek.com\/nl\/wp-json\/wp\/v2\/pages\/3","targetHints":{"allow":["GET"]}}],"collection":[{"href":"https:\/\/honorata-skarbek.com\/nl\/wp-json\/wp\/v2\/pages"}],"about":[{"href":"https:\/\/honorata-skarbek.com\/nl\/wp-json\/wp\/v2\/types\/page"}],"author":[{"embeddable":true,"href":"https:\/\/honorata-skarbek.com\/nl\/wp-json\/wp\/v2\/users\/1"}],"replies":[{"embeddable":true,"href":"https:\/\/honorata-skarbek.com\/nl\/wp-json\/wp\/v2\/comments?post=3"}],"version-history":[{"count":0,"href":"https:\/\/honorata-skarbek.com\/nl\/wp-json\/wp\/v2\/pages\/3\/revisions"}],"wp:attachment":[{"href":"https:\/\/honorata-skarbek.com\/nl\/wp-json\/wp\/v2\/media?parent=3"}],"curies":[{"name":"wp","href":"https:\/\/api.w.org\/{rel}","templated":true}]}}