{"id":2,"date":"2021-02-02T06:42:18","date_gmt":"2021-02-02T06:42:18","guid":{"rendered":"https:\/\/honorata-skarbek.com\/?page_id=2"},"modified":"2021-02-02T06:42:18","modified_gmt":"2021-02-02T06:42:18","slug":"exempel-sida","status":"publish","type":"page","link":"https:\/\/honorata-skarbek.com\/se\/exempel-sida\/","title":{"rendered":"Exempel p\u00e5 en sida"},"content":{"rendered":"<p>Detta \u00e4r en exempelsida. Den skiljer sig fr\u00e5n ett blogginl\u00e4gg eftersom den kommer att ligga p\u00e5 ett st\u00e4lle och visas i navigeringen p\u00e5 webbplatsen (i de flesta teman). De flesta b\u00f6rjar med en Om-sida som presenterar dem f\u00f6r potentiella bes\u00f6kare p\u00e5 webbplatsen. Det kan st\u00e5 n\u00e5got liknande:<\/p>\n\n\n\n<blockquote class=\"wp-block-quote is-layout-flow wp-block-quote-is-layout-flow\"><p>Hej! Jag \u00e4r cykelbud p\u00e5 dagarna, blivande sk\u00e5despelare p\u00e5 kv\u00e4llarna och detta \u00e4r min webbplats. Jag bor i Los Angeles, har en fantastisk hund som heter Jack och gillar pi\u00f1a coladas. (Och att fastna i regnet.)<\/p><\/blockquote>\n\n\n\n<p>...eller n\u00e5got i stil med detta:<\/p>\n\n\n\n<blockquote class=\"wp-block-quote is-layout-flow wp-block-quote-is-layout-flow\"><p>XYZ Doohickey Company grundades 1971 och har sedan dess levererat kvalitetsdukattrapper till allm\u00e4nheten. XYZ ligger i Gotham City, har \u00f6ver 2 000 anst\u00e4llda och g\u00f6r alla m\u00f6jliga fantastiska saker f\u00f6r Gotham City.<\/p><\/blockquote>\n\n\n\n<p>Som ny WordPress-anv\u00e4ndare ska du g\u00e5 till <a href=\"https:\/\/honorata-skarbek.com\/wp-admin\/\">din instrumentpanel<\/a> f\u00f6r att radera denna sida och skapa nya sidor f\u00f6r ditt inneh\u00e5ll. Ha kul!<\/p>","protected":false},"excerpt":{"rendered":"<p>This is an example page. It&#8217;s different from a blog post because it will stay in one place and will show up in your site navigation (in most themes). Most people start with an About page that introduces them to potential site visitors. It might say something like this: Hi there! I&#8217;m a bike messenger &#8230; <a title=\"Exempel p\u00e5 en sida\" class=\"read-more\" href=\"https:\/\/honorata-skarbek.com\/se\/exempel-sida\/\" aria-label=\"Mer p\u00e5 Sample Page\">L\u00e4s mer<\/a><\/p>","protected":false},"author":1,"featured_media":0,"parent":0,"menu_order":0,"comment_status":"closed","ping_status":"open","template":"","meta":{"footnotes":""},"class_list":["post-2","page","type-page","status-publish"],"_links":{"self":[{"href":"https:\/\/honorata-skarbek.com\/se\/wp-json\/wp\/v2\/pages\/2","targetHints":{"allow":["GET"]}}],"collection":[{"href":"https:\/\/honorata-skarbek.com\/se\/wp-json\/wp\/v2\/pages"}],"about":[{"href":"https:\/\/honorata-skarbek.com\/se\/wp-json\/wp\/v2\/types\/page"}],"author":[{"embeddable":true,"href":"https:\/\/honorata-skarbek.com\/se\/wp-json\/wp\/v2\/users\/1"}],"replies":[{"embeddable":true,"href":"https:\/\/honorata-skarbek.com\/se\/wp-json\/wp\/v2\/comments?post=2"}],"version-history":[{"count":0,"href":"https:\/\/honorata-skarbek.com\/se\/wp-json\/wp\/v2\/pages\/2\/revisions"}],"wp:attachment":[{"href":"https:\/\/honorata-skarbek.com\/se\/wp-json\/wp\/v2\/media?parent=2"}],"curies":[{"name":"wp","href":"https:\/\/api.w.org\/{rel}","templated":true}]}}