{"id":11,"date":"2021-02-02T12:34:55","date_gmt":"2021-02-02T12:34:55","guid":{"rendered":"https:\/\/honorata-skarbek.com\/?page_id=11"},"modified":"2022-06-11T14:00:59","modified_gmt":"2022-06-11T14:00:59","slug":"o-mne","status":"publish","type":"page","link":"https:\/\/honorata-skarbek.com\/sk\/o-mne\/","title":{"rendered":"O mne"},"content":{"rendered":"<div class=\"wp-block-image\">\n<figure class=\"alignleft size-large\"><img decoding=\"async\" width=\"409\" height=\"404\" src=\"https:\/\/honorata-skarbek.com\/wp-content\/uploads\/2021\/02\/Honorata-Skarbek-Hordiyenko.png\" alt=\"\" class=\"wp-image-15\" title=\"\" srcset=\"https:\/\/honorata-skarbek.com\/wp-content\/uploads\/2021\/02\/Honorata-Skarbek-Hordiyenko.png 409w, https:\/\/honorata-skarbek.com\/wp-content\/uploads\/2021\/02\/Honorata-Skarbek-Hordiyenko-300x296.png 300w\" sizes=\"(max-width: 409px) 100vw, 409px\" \/><\/figure>\n<\/div>\n\n\n<p>Ahoj, vitajte v mojom svete. Vol\u00e1m sa Honorata Skarbek-Hordiyenko. Som mlad\u00fd energick\u00fd \u010dlovek, napoly Poliak a napoly Ukrajinec. Na mojej webovej str\u00e1nke n\u00e1jdete v\u0161etko, \u010do ma zauj\u00edma, od zdravia a zdravej v\u00fd\u017eivy a\u017e po cestovanie a dobr\u00fa hudbu. Ak ma chcete kontaktova\u0165, pou\u017eite <a href=\"https:\/\/honorata-skarbek.com\/sk\/kontakt\/\" data-type=\"page\" data-id=\"18\">kontaktn\u00fd formul\u00e1r<\/a> na karte Kontakty.<\/p>","protected":false},"excerpt":{"rendered":"<p>Ahoj, vitajte v mojom svete. Vol\u00e1m sa Honorata Skarbek-Hordiyenko. Som mlad\u00fd energick\u00fd \u010dlovek, napoly Poliak a napoly Ukrajinec, na mojej webovej str\u00e1nke n\u00e1jdete v\u0161etko, \u010do ma zauj\u00edma, od zdravia a zdravej v\u00fd\u017eivy a\u017e po cestovanie a dobr\u00fa hudbu. Ak ma chcete kontaktova\u0165, pou\u017eite kontaktn\u00fd formul\u00e1r v z\u00e1lo\u017eke Kontakty.<\/p>","protected":false},"author":1,"featured_media":0,"parent":0,"menu_order":0,"comment_status":"closed","ping_status":"closed","template":"","meta":{"footnotes":""},"class_list":["post-11","page","type-page","status-publish"],"_links":{"self":[{"href":"https:\/\/honorata-skarbek.com\/sk\/wp-json\/wp\/v2\/pages\/11","targetHints":{"allow":["GET"]}}],"collection":[{"href":"https:\/\/honorata-skarbek.com\/sk\/wp-json\/wp\/v2\/pages"}],"about":[{"href":"https:\/\/honorata-skarbek.com\/sk\/wp-json\/wp\/v2\/types\/page"}],"author":[{"embeddable":true,"href":"https:\/\/honorata-skarbek.com\/sk\/wp-json\/wp\/v2\/users\/1"}],"replies":[{"embeddable":true,"href":"https:\/\/honorata-skarbek.com\/sk\/wp-json\/wp\/v2\/comments?post=11"}],"version-history":[{"count":0,"href":"https:\/\/honorata-skarbek.com\/sk\/wp-json\/wp\/v2\/pages\/11\/revisions"}],"wp:attachment":[{"href":"https:\/\/honorata-skarbek.com\/sk\/wp-json\/wp\/v2\/media?parent=11"}],"curies":[{"name":"wp","href":"https:\/\/api.w.org\/{rel}","templated":true}]}}