{"id":3,"date":"2021-02-02T06:42:18","date_gmt":"2021-02-02T06:42:18","guid":{"rendered":"https:\/\/honorata-skarbek.com\/?page_id=3"},"modified":"2023-08-18T13:23:02","modified_gmt":"2023-08-18T13:23:02","slug":"zasady-ochrany-osobnych-udajov","status":"publish","type":"page","link":"https:\/\/honorata-skarbek.com\/sk\/zasady-ochrany-osobnych-udajov\/","title":{"rendered":"Z\u00e1sady ochrany osobn\u00fdch \u00fadajov"},"content":{"rendered":"<div id=\"ez-toc-container\" class=\"ez-toc-v2_0_82_2 counter-hierarchy ez-toc-counter ez-toc-light-blue ez-toc-container-direction\">\n<p class=\"ez-toc-title\" style=\"cursor:inherit\">Obsah<\/p>\n<label for=\"ez-toc-cssicon-toggle-item-69f17b7d8986e\" class=\"ez-toc-cssicon-toggle-label\"><span class=\"\"><span class=\"eztoc-hide\" style=\"display:none;\">Prep\u00edna\u010d<\/span><span class=\"ez-toc-icon-toggle-span\"><svg style=\"fill: #999;color:#999\" xmlns=\"http:\/\/www.w3.org\/2000\/svg\" class=\"list-377408\" width=\"20px\" height=\"20px\" viewbox=\"0 0 24 24\" fill=\"none\"><path d=\"M6 6H4v2h2V6zm14 0H8v2h12V6zM4 11h2v2H4v-2zm16 0H8v2h12v-2zM4 16h2v2H4v-2zm16 0H8v2h12v-2z\" fill=\"currentColor\"><\/path><\/svg><svg style=\"fill: #999;color:#999\" class=\"arrow-unsorted-368013\" xmlns=\"http:\/\/www.w3.org\/2000\/svg\" width=\"10px\" height=\"10px\" viewbox=\"0 0 24 24\" version=\"1.2\" baseprofile=\"tiny\"><path d=\"M18.2 9.3l-6.2-6.3-6.2 6.3c-.2.2-.3.4-.3.7s.1.5.3.7c.2.2.4.3.7.3h11c.3 0 .5-.1.7-.3.2-.2.3-.5.3-.7s-.1-.5-.3-.7zM5.8 14.7l6.2 6.3 6.2-6.3c.2-.2.3-.5.3-.7s-.1-.5-.3-.7c-.2-.2-.4-.3-.7-.3h-11c-.3 0-.5.1-.7.3-.2.2-.3.5-.3.7s.1.5.3.7z\"\/><\/svg><\/span><\/span><\/label><input type=\"checkbox\"  id=\"ez-toc-cssicon-toggle-item-69f17b7d8986e\" checked aria-label=\"Prep\u00edna\u010d\" \/><nav><ul class='ez-toc-list ez-toc-list-level-1' ><li class='ez-toc-page-1 ez-toc-heading-level-2'><a class=\"ez-toc-link ez-toc-heading-1\" href=\"https:\/\/honorata-skarbek.com\/sk\/zasady-ochrany-osobnych-udajov\/#Gromadzenie_informacji_i_ochrona_danych_osobowych\" >Zhroma\u017e\u010fovanie inform\u00e1ci\u00ed a ochrana osobn\u00fdch \u00fadajov<\/a><\/li><li class='ez-toc-page-1 ez-toc-heading-level-2'><a class=\"ez-toc-link ez-toc-heading-2\" href=\"https:\/\/honorata-skarbek.com\/sk\/zasady-ochrany-osobnych-udajov\/#Komentarze\" >Koment\u00e1re<\/a><\/li><li class='ez-toc-page-1 ez-toc-heading-level-2'><a class=\"ez-toc-link ez-toc-heading-3\" href=\"https:\/\/honorata-skarbek.com\/sk\/zasady-ochrany-osobnych-udajov\/#Formularz_kontaktowy\" >Kontaktn\u00fd formul\u00e1r<\/a><\/li><li class='ez-toc-page-1 ez-toc-heading-level-2'><a class=\"ez-toc-link ez-toc-heading-4\" href=\"https:\/\/honorata-skarbek.com\/sk\/zasady-ochrany-osobnych-udajov\/#Pliki_cookies\" >Cookies<\/a><\/li><li class='ez-toc-page-1 ez-toc-heading-level-2'><a class=\"ez-toc-link ez-toc-heading-5\" href=\"https:\/\/honorata-skarbek.com\/sk\/zasady-ochrany-osobnych-udajov\/#Prawo_dostepu_do_danych\" >Pr\u00e1vo na pr\u00edstup k \u00fadajom<\/a><\/li><li class='ez-toc-page-1 ez-toc-heading-level-2'><a class=\"ez-toc-link ez-toc-heading-6\" href=\"https:\/\/honorata-skarbek.com\/sk\/zasady-ochrany-osobnych-udajov\/#Logi_serwera\" >Protokoly servera<\/a><\/li><li class='ez-toc-page-1 ez-toc-heading-level-2'><a class=\"ez-toc-link ez-toc-heading-7\" href=\"https:\/\/honorata-skarbek.com\/sk\/zasady-ochrany-osobnych-udajov\/#Zgoda\" >S\u00fahlas<\/a><\/li><\/ul><\/nav><\/div>\n\n<p>Z\u00e1sady ochrany osobn\u00fdch \u00fadajov<\/p>\n\n\n\n<p>V z\u00e1ujme va\u0161ej bezpe\u010dnosti a ochrany s\u00fakromia sme pripravili dokument, v ktorom n\u00e1jdete pravidl\u00e1 spracovania osobn\u00fdch \u00fadajov a pou\u017e\u00edvania s\u00faborov cookie v s\u00favislosti s pou\u017e\u00edvan\u00edm webovej str\u00e1nky https:\/\/honorata-skarbek.com\/.<\/p>\n\n\n\n<h2 class=\"wp-block-heading\"><span class=\"ez-toc-section\" id=\"Gromadzenie_informacji_i_ochrona_danych_osobowych\"><\/span><strong>Zhroma\u017e\u010fovanie inform\u00e1ci\u00ed a ochrana osobn\u00fdch \u00fadajov<\/strong><span class=\"ez-toc-section-end\"><\/span><\/h2>\n\n\n\n<p>Webov\u00e1 lokalita je v s\u00falade s platn\u00fdmi pr\u00e1vnymi predpismi o ochrane \u00fadajov a jej spr\u00e1vca sa zav\u00e4zuje zabezpe\u010di\u0165, aby sa v\u0161etky osoby, ktor\u00e9 ju pou\u017e\u00edvaj\u00fa, c\u00edtili bezpe\u010dne.<\/p>\n\n\n\n<p>Poskytnut\u00e9 osobn\u00e9 \u00fadaje bud\u00fa riadne chr\u00e1nen\u00e9, aby sa nedostali do r\u00fak neopr\u00e1vnen\u00fdch os\u00f4b. Taktie\u017e sa nebud\u00fa pren\u00e1\u0161a\u0165, \u010falej pred\u00e1va\u0165 ani zneu\u017e\u00edva\u0165. Upozor\u0148ujeme, \u017ee poskytnutie osobn\u00fdch \u00fadajov je v\u017edy dobrovo\u013en\u00e9, ale je nevyhnutn\u00e9 aj na pridanie koment\u00e1ra na blog alebo na kontaktovanie n\u00e1s prostredn\u00edctvom kontaktn\u00e9ho formul\u00e1ra.<\/p>\n\n\n\n<h2 class=\"wp-block-heading\"><span class=\"ez-toc-section\" id=\"Komentarze\"><\/span><strong>Koment\u00e1re<\/strong><span class=\"ez-toc-section-end\"><\/span><\/h2>\n\n\n\n<p>Ke\u010f n\u00e1v\u0161tevn\u00edk str\u00e1nky zanech\u00e1 koment\u00e1r, zhroma\u017e\u010fujeme \u00fadaje vidite\u013en\u00e9 vo formul\u00e1ri koment\u00e1ra, ako aj IP adresu n\u00e1v\u0161tevn\u00edka a podpis prehliada\u010da ako pom\u00f4cku pri detekcii spamu. Zanechanie koment\u00e1ra je \u00faplne dobrovo\u013en\u00e9. Rozhodnut\u00edm zanecha\u0165 koment\u00e1r v\u0161ak s\u00fahlas\u00edte so spracovan\u00edm poskytnut\u00fdch osobn\u00fdch \u00fadajov.<\/p>\n\n\n\n<h2 class=\"wp-block-heading\"><span class=\"ez-toc-section\" id=\"Formularz_kontaktowy\"><\/span><strong>Kontaktn\u00fd formul\u00e1r<\/strong><span class=\"ez-toc-section-end\"><\/span><\/h2>\n\n\n\n<p>Na blogu na adrese https:\/\/honorata-skarbek.com\/kontakt\/ n\u00e1jdete kontaktn\u00fd formul\u00e1r, pomocou ktor\u00e9ho n\u00e1s m\u00f4\u017eete kontaktova\u0165. Vyplnenie kontaktn\u00e9ho formul\u00e1ra vy\u017eaduje poskytnutie osobn\u00fdch \u00fadajov, ktor\u00e9 sa pou\u017eij\u00fa na kontaktovanie osoby, ktor\u00e1 formul\u00e1r odoslala, s cie\u013eom odpoveda\u0165 na ot\u00e1zku alebo \u017eiados\u0165. Inform\u00e1cie odoslan\u00e9 prostredn\u00edctvom formul\u00e1ra uchov\u00e1vame na \u00fa\u010dely z\u00e1kazn\u00edckeho servisu na neur\u010dit\u00fd \u010das, ale takto z\u00edskan\u00e9 inform\u00e1cie sa nepou\u017e\u00edvaj\u00fa na marketingov\u00e9 \u00fa\u010dely.<\/p>\n\n\n\n<h2 class=\"wp-block-heading\"><span class=\"ez-toc-section\" id=\"Pliki_cookies\"><\/span><strong>Cookies<\/strong><span class=\"ez-toc-section-end\"><\/span><\/h2>\n\n\n\n<p>Webov\u00e9 str\u00e1nky pou\u017e\u00edvaj\u00fa s\u00fabory cookie, ktor\u00e9 sa pou\u017e\u00edvaj\u00fa na prisp\u00f4sobenie obsahu webov\u00fdch str\u00e1nok, aby sa str\u00e1nka spr\u00e1vne zobrazila na zariaden\u00ed pou\u017e\u00edvate\u013ea, na vytv\u00e1ranie \u0161tatist\u00edk, ktor\u00e9 n\u00e1m pom\u00e1haj\u00fa pochopi\u0165, ako pou\u017e\u00edvatelia webov\u00fdch str\u00e1nok pou\u017e\u00edvaj\u00fa webov\u00e9 str\u00e1nky a ktor\u00e9 str\u00e1nky webov\u00fdch str\u00e1nok s\u00fa najob\u013e\u00fabenej\u0161ie, a na poskytovanie reklamn\u00e9ho obsahu pou\u017e\u00edvate\u013eom pod\u013ea ich z\u00e1ujmov.<\/p>\n\n\n\n<p>Pri prvej n\u00e1v\u0161teve blogu sa zobraz\u00ed upozornenie o pou\u017e\u00edvan\u00ed s\u00faborov cookie. Prijatie tohto ozn\u00e1menia znamen\u00e1, \u017ee s\u00fahlas\u00edte s pou\u017e\u00edvan\u00edm s\u00faborov cookie v s\u00falade s ustanoveniami t\u00fdchto z\u00e1sad ochrany osobn\u00fdch \u00fadajov. Tento s\u00fahlas m\u00f4\u017eete kedyko\u013evek odvola\u0165. Ak tak chcete urobi\u0165, vyma\u017ete s\u00fabory cookie a zme\u0148te nastavenia s\u00faborov cookie vo svojom prehliada\u010di.<\/p>\n\n\n\n<p>Pou\u017e\u00edvan\u00e9 s\u00fabory cookie neukladaj\u00fa \u017eiadne osobn\u00e9 \u00fadaje ani in\u00e9 inform\u00e1cie z\u00edskan\u00e9 od pou\u017e\u00edvate\u013eov a zhroma\u017e\u010fuj\u00fa sa len na \u0161tatistick\u00e9 \u00fa\u010dely.<\/p>\n\n\n\n<p>Blog pou\u017e\u00edva tieto typy s\u00faborov cookie:<\/p>\n\n\n\n<ul class=\"wp-block-list\">\n<li>Z\u00e1kladn\u00e9 - s\u00fabory cookie prispievaj\u00fa k pou\u017eite\u013enosti webovej str\u00e1nky t\u00fdm, \u017ee umo\u017e\u0148uj\u00fa z\u00e1kladn\u00e9 funkcie, ako je navig\u00e1cia na str\u00e1nke a pr\u00edstup do zabezpe\u010den\u00fdch oblast\u00ed webovej str\u00e1nky. Bez t\u00fdchto s\u00faborov cookie nem\u00f4\u017ee webov\u00e1 lokalita spr\u00e1vne fungova\u0165.<\/li>\n\n\n\n<li>Predvo\u013eby - s\u00fabory cookie prispievaj\u00fa k pou\u017eite\u013enosti webovej str\u00e1nky t\u00fdm, \u017ee umo\u017e\u0148uj\u00fa z\u00e1kladn\u00e9 funkcie, ako je navig\u00e1cia na str\u00e1nke a pr\u00edstup do zabezpe\u010den\u00fdch oblast\u00ed webovej str\u00e1nky. Bez t\u00fdchto s\u00faborov cookie nem\u00f4\u017ee webov\u00e1 lokalita spr\u00e1vne fungova\u0165.<\/li>\n\n\n\n<li>\u0160tatistiky - \u0161tatistick\u00e9 s\u00fabory cookie pom\u00e1haj\u00fa majite\u013eom webov\u00fdch str\u00e1nok pochopi\u0165, ako sa r\u00f4zni pou\u017e\u00edvatelia spr\u00e1vaj\u00fa na str\u00e1nke, a to zhroma\u017e\u010fovan\u00edm a vykazovan\u00edm anonymn\u00fdch inform\u00e1ci\u00ed, t. j. metriky Yandex - sl\u00fa\u017eia na zhroma\u017e\u010fovanie inform\u00e1ci\u00ed o \u010dinnostiach pou\u017e\u00edvate\u013eov na blogu - \u0161tatistiky n\u00e1v\u0161tevnosti, po\u010det kliknut\u00ed a z\u00e1znamy jednotliv\u00fdch rel\u00e1ci\u00ed. To n\u00e1m umo\u017e\u0148uje sledova\u0165 sk\u00fasenosti pou\u017e\u00edvate\u013eov pri interakcii so str\u00e1nkou, \u010do n\u00e1m poskytne neocenite\u013en\u00fa pomoc pri optimaliz\u00e1cii str\u00e1nky. Tieto inform\u00e1cie sa zhroma\u017e\u010fuj\u00fa na anal\u00fdzu obsahu a z\u00e1ujmu pou\u017e\u00edvate\u013eov, aby sme mohli vytv\u00e1ra\u0165 obsah na t\u00e9my bl\u00edzke z\u00e1ujmom na\u0161ich \u010ditate\u013eov.<\/li>\n\n\n\n<li>Neklasifikovan\u00e9 - neklasifikovan\u00e9 s\u00fabory cookie s\u00fa s\u00fabory cookie, ktor\u00e9 s\u00fa v procese klasifik\u00e1cie, spolu s poskytovate\u013emi jednotliv\u00fdch s\u00faborov cookie.<\/li>\n<\/ul>\n\n\n\n<h2 class=\"wp-block-heading\"><span class=\"ez-toc-section\" id=\"Prawo_dostepu_do_danych\"><\/span><strong>Pr\u00e1vo na pr\u00edstup k \u00fadajom<\/strong><span class=\"ez-toc-section-end\"><\/span><\/h2>\n\n\n\n<p>V s\u00favislosti so spracovan\u00edm va\u0161ich osobn\u00fdch \u00fadajov m\u00e1te tieto pr\u00e1va:<\/p>\n\n\n\n<ul class=\"wp-block-list\">\n<li>Pr\u00e1vo po\u017eiada\u0165 prev\u00e1dzkovate\u013ea o pr\u00edstup k va\u0161im osobn\u00fdm \u00fadajom;<\/li>\n\n\n\n<li>pr\u00e1vo na opravu \u00fadajov;<\/li>\n\n\n\n<li>pr\u00e1vo na vymazanie;<\/li>\n\n\n\n<li>pr\u00e1vo obmedzi\u0165 sprac\u00favanie;<\/li>\n\n\n\n<li>Pr\u00e1vo namieta\u0165 proti spracovaniu;<\/li>\n\n\n\n<li>Pr\u00e1vo na prenosnos\u0165 \u00fadajov (pokia\u013e je to technicky mo\u017en\u00e9);<\/li>\n\n\n\n<li>pr\u00e1vo odvola\u0165 s\u00fahlas so spracovan\u00edm osobn\u00fdch \u00fadajov na konkr\u00e9tny \u00fa\u010del, ak bol tak\u00fdto s\u00fahlas udelen\u00fd sk\u00f4r;<\/li>\n\n\n\n<li>Pr\u00e1vo poda\u0165 s\u0165a\u017enos\u0165 dozorn\u00e9mu org\u00e1nu v s\u00favislosti so spracovan\u00edm osobn\u00fdch \u00fadajov.<\/li>\n<\/ul>\n\n\n\n<h2 class=\"wp-block-heading\"><span class=\"ez-toc-section\" id=\"Logi_serwera\"><\/span><strong>Protokoly servera<\/strong><span class=\"ez-toc-section-end\"><\/span><\/h2>\n\n\n\n<p>Pou\u017e\u00edvanie webovej str\u00e1nky zah\u0155\u0148a odosielanie po\u017eiadaviek na server, na ktorom je webov\u00e1 str\u00e1nka ulo\u017een\u00e1. Ka\u017ed\u00e1 po\u017eiadavka odoslan\u00e1 na server sa zaznamen\u00e1va do protokolov servera.<\/p>\n\n\n\n<p>Protokoly obsahuj\u00fa okrem in\u00e9ho va\u0161u IP adresu, d\u00e1tum a \u010das servera, inform\u00e1cie o va\u0161om webovom prehliada\u010di a opera\u010dnom syst\u00e9me, ktor\u00fd pou\u017e\u00edvate. Protokoly sa ukladaj\u00fa a uchov\u00e1vaj\u00fa na serveri.<\/p>\n\n\n\n<p>\u00dadaje zaznamenan\u00e9 v protokoloch servera nie s\u00fa spojen\u00e9 s konkr\u00e9tnymi pou\u017e\u00edvate\u013emi webovej str\u00e1nky a nepou\u017e\u00edvaj\u00fa sa na identifik\u00e1ciu pou\u017e\u00edvate\u013ea.<\/p>\n\n\n\n<p>Denn\u00edky servera s\u00fa len pomocn\u00fdm materi\u00e1lom pre spr\u00e1vu str\u00e1nky a ich obsah nie je spr\u00edstupnen\u00fd nikomu in\u00e9mu ako osob\u00e1m opr\u00e1vnen\u00fdm spravova\u0165 server.<\/p>\n\n\n\n<h2 class=\"wp-block-heading\"><span class=\"ez-toc-section\" id=\"Zgoda\"><\/span><strong>S\u00fahlas<\/strong><span class=\"ez-toc-section-end\"><\/span><\/h2>\n\n\n\n<p><strong>Pou\u017e\u00edvan\u00edm webovej str\u00e1nky https:\/\/www.honorata-skarbek.com\/ vyhlasujete, \u017ee ste si pre\u010d\u00edtali na\u0161e z\u00e1sady ochrany osobn\u00fdch \u00fadajov a s\u00fahlas\u00edte s nimi.<\/strong><\/p>\n\n\n\n<p>T\u00e1to webov\u00e1 str\u00e1nka obsahuje \u010dl\u00e1nky zalo\u017een\u00e9 na subjekt\u00edvnych n\u00e1zoroch a nepredstavuje lek\u00e1rske poradenstvo. Nezodpoved\u00e1me za nespr\u00e1vne pou\u017eitie inform\u00e1ci\u00ed uveden\u00fdch na tejto webovej str\u00e1nke. V\u00fd\u017eivov\u00e9 doplnky s\u00fa ur\u010den\u00e9 len na doplnenie be\u017enej stravy, nemaj\u00fa lie\u010div\u00e9 vlastnosti. Pred k\u00fapou v\u00fdrobkov si overte obsah, \u0161tatistick\u00e9 \u00fadaje a cit\u00e1cie tu uveden\u00e9 u v\u00fdrobcu. V pr\u00edpade pochybnost\u00ed o obsahu tu uverejnenom <a href=\"https:\/\/honorata-skarbek.com\/sk\/kontakt\/\" target=\"_blank\" data-type=\"page\" data-id=\"18\" rel=\"noreferrer noopener\">kontaktujte n\u00e1s.<\/a><\/p>\n\n\n\n<p><\/p>","protected":false},"excerpt":{"rendered":"<p>Polityka Prywatno\u015bci W trosce o Twoje bezpiecze\u0144stwo i prywatno\u015b\u0107 przygotowali\u015bmy dokument, w kt\u00f3rym znajdziesz zasady przetwarzania danych osobowych oraz wykorzystania plik\u00f3w cookies w zwi\u0105zku z korzystaniem ze strony internetowej https:\/\/honorata-skarbek.com\/. Gromadzenie informacji i ochrona danych osobowych Strona przestrzega aktualnych przepis\u00f3w o ochronie danych osobowych, a jej administrator dok\u0142ada wszelkich stara\u0144, by wszystkie osoby korzystaj\u0105ce z &#8230; <a title=\"Z\u00e1sady ochrany osobn\u00fdch \u00fadajov\" class=\"read-more\" href=\"https:\/\/honorata-skarbek.com\/sk\/zasady-ochrany-osobnych-udajov\/\" aria-label=\"More on Polityka Prywatno\u015bci\">Pre\u010d\u00edtajte si viac<\/a><\/p>","protected":false},"author":1,"featured_media":0,"parent":0,"menu_order":0,"comment_status":"closed","ping_status":"open","template":"","meta":{"footnotes":""},"class_list":["post-3","page","type-page","status-publish"],"_links":{"self":[{"href":"https:\/\/honorata-skarbek.com\/sk\/wp-json\/wp\/v2\/pages\/3","targetHints":{"allow":["GET"]}}],"collection":[{"href":"https:\/\/honorata-skarbek.com\/sk\/wp-json\/wp\/v2\/pages"}],"about":[{"href":"https:\/\/honorata-skarbek.com\/sk\/wp-json\/wp\/v2\/types\/page"}],"author":[{"embeddable":true,"href":"https:\/\/honorata-skarbek.com\/sk\/wp-json\/wp\/v2\/users\/1"}],"replies":[{"embeddable":true,"href":"https:\/\/honorata-skarbek.com\/sk\/wp-json\/wp\/v2\/comments?post=3"}],"version-history":[{"count":0,"href":"https:\/\/honorata-skarbek.com\/sk\/wp-json\/wp\/v2\/pages\/3\/revisions"}],"wp:attachment":[{"href":"https:\/\/honorata-skarbek.com\/sk\/wp-json\/wp\/v2\/media?parent=3"}],"curies":[{"name":"wp","href":"https:\/\/api.w.org\/{rel}","templated":true}]}}