{"id":11,"date":"2021-02-02T12:34:55","date_gmt":"2021-02-02T12:34:55","guid":{"rendered":"https:\/\/honorata-skarbek.com\/?page_id=11"},"modified":"2022-06-11T14:00:59","modified_gmt":"2022-06-11T14:00:59","slug":"o-meni","status":"publish","type":"page","link":"https:\/\/honorata-skarbek.com\/sl\/o-meni\/","title":{"rendered":"O meni"},"content":{"rendered":"<div class=\"wp-block-image\">\n<figure class=\"alignleft size-large\"><img decoding=\"async\" width=\"409\" height=\"404\" src=\"https:\/\/honorata-skarbek.com\/wp-content\/uploads\/2021\/02\/Honorata-Skarbek-Hordiyenko.png\" alt=\"\" class=\"wp-image-15\" title=\"\" srcset=\"https:\/\/honorata-skarbek.com\/wp-content\/uploads\/2021\/02\/Honorata-Skarbek-Hordiyenko.png 409w, https:\/\/honorata-skarbek.com\/wp-content\/uploads\/2021\/02\/Honorata-Skarbek-Hordiyenko-300x296.png 300w\" sizes=\"(max-width: 409px) 100vw, 409px\" \/><\/figure>\n<\/div>\n\n\n<p>Dobrodo\u0161li v mojem svetu. Moje ime je Honorata Skarbek-Hordiyenko. Sem mlada energi\u010dna oseba, pol Poljakinja in pol Ukrajinka. Na moji spletni strani boste na\u0161li vse, kar me zanima, od zdravja in zdrave hrane do potovanj in dobre glasbe. \u010ce \u017eelite stopiti v stik z mano, uporabite <a href=\"https:\/\/honorata-skarbek.com\/sl\/kontaktirajte\/\" data-type=\"page\" data-id=\"18\">kontaktni obrazec<\/a> v zavihku stiki.<\/p>","protected":false},"excerpt":{"rendered":"<p>Dobrodo\u0161li v mojem svetu. Moje ime je Honorata Skarbek-Hordiyenko. Sem mlada energi\u010dna oseba, pol Poljakinja in pol Ukrajinka. Na moji spletni strani boste na\u0161li vse, kar me zanima, od zdravja in zdrave hrane do potovanj in dobre glasbe. \u010ce me \u017eelite kontaktirati, uporabite kontaktni obrazec v zavihku za stike.<\/p>","protected":false},"author":1,"featured_media":0,"parent":0,"menu_order":0,"comment_status":"closed","ping_status":"closed","template":"","meta":{"footnotes":""},"class_list":["post-11","page","type-page","status-publish"],"_links":{"self":[{"href":"https:\/\/honorata-skarbek.com\/sl\/wp-json\/wp\/v2\/pages\/11","targetHints":{"allow":["GET"]}}],"collection":[{"href":"https:\/\/honorata-skarbek.com\/sl\/wp-json\/wp\/v2\/pages"}],"about":[{"href":"https:\/\/honorata-skarbek.com\/sl\/wp-json\/wp\/v2\/types\/page"}],"author":[{"embeddable":true,"href":"https:\/\/honorata-skarbek.com\/sl\/wp-json\/wp\/v2\/users\/1"}],"replies":[{"embeddable":true,"href":"https:\/\/honorata-skarbek.com\/sl\/wp-json\/wp\/v2\/comments?post=11"}],"version-history":[{"count":0,"href":"https:\/\/honorata-skarbek.com\/sl\/wp-json\/wp\/v2\/pages\/11\/revisions"}],"wp:attachment":[{"href":"https:\/\/honorata-skarbek.com\/sl\/wp-json\/wp\/v2\/media?parent=11"}],"curies":[{"name":"wp","href":"https:\/\/api.w.org\/{rel}","templated":true}]}}