{"id":2,"date":"2021-02-02T06:42:18","date_gmt":"2021-02-02T06:42:18","guid":{"rendered":"https:\/\/honorata-skarbek.com\/?page_id=2"},"modified":"2021-02-02T06:42:18","modified_gmt":"2021-02-02T06:42:18","slug":"vzorcna-stran","status":"publish","type":"page","link":"https:\/\/honorata-skarbek.com\/sl\/vzorcna-stran\/","title":{"rendered":"Stran vzorca"},"content":{"rendered":"<p>To je primer strani. Od objave v blogu se razlikuje po tem, da ostane na enem mestu in se prika\u017ee v navigaciji va\u0161ega spletnega mesta (v ve\u010dini tem). Ve\u010dina ljudi za\u010dne s stranjo O podjetju, ki jih predstavi potencialnim obiskovalcem spletnega mesta. Lahko se glasi pribli\u017eno takole:<\/p>\n\n\n\n<blockquote class=\"wp-block-quote is-layout-flow wp-block-quote-is-layout-flow\"><p>Pozdravljeni! Podnevi sem kolesarski kurir, pono\u010di ambiciozni igralec in to je moja spletna stran. \u017divim v Los Angelesu, imam odli\u010dnega psa Jacka in rada pi\u00f1a colado. (In se ujamete v de\u017eju.)<\/p><\/blockquote>\n\n\n\n<p>...ali nekaj takega:<\/p>\n\n\n\n<blockquote class=\"wp-block-quote is-layout-flow wp-block-quote-is-layout-flow\"><p>Dru\u017eba XYZ Doohickey Company je bila ustanovljena leta 1971 in od takrat javnosti ponuja kakovostne doohickeye. Podjetje XYZ, ki se nahaja v mestu Gotham City, zaposluje ve\u010d kot 2.000 ljudi in za skupnost Gotham po\u010dne \u0161tevilne \u010dudovite stvari.<\/p><\/blockquote>\n\n\n\n<p>Kot nov uporabnik WordPressa morate iti na <a href=\"https:\/\/honorata-skarbek.com\/wp-admin\/\">va\u0161a armaturna plo\u0161\u010da<\/a> izbri\u0161ete to stran in ustvarite nove strani za svojo vsebino. Zabavajte se!<\/p>","protected":false},"excerpt":{"rendered":"<p>To je primer strani. Od objave v blogu se razlikuje po tem, da ostane na enem mestu in se prika\u017ee v navigaciji va\u0161ega spletnega mesta (v ve\u010dini tem). Ve\u010dina ljudi za\u010dne s stranjo O podjetju, ki jih predstavi potencialnim obiskovalcem spletnega mesta. Lahko se glasi pribli\u017eno takole: Pozdravljeni! Sem kolesarski kurir ... <a title=\"Stran vzorca\" class=\"read-more\" href=\"https:\/\/honorata-skarbek.com\/sl\/vzorcna-stran\/\" aria-label=\"More on Sample Page\">Preberi ve\u010d<\/a><\/p>","protected":false},"author":1,"featured_media":0,"parent":0,"menu_order":0,"comment_status":"closed","ping_status":"open","template":"","meta":{"footnotes":""},"class_list":["post-2","page","type-page","status-publish"],"_links":{"self":[{"href":"https:\/\/honorata-skarbek.com\/sl\/wp-json\/wp\/v2\/pages\/2","targetHints":{"allow":["GET"]}}],"collection":[{"href":"https:\/\/honorata-skarbek.com\/sl\/wp-json\/wp\/v2\/pages"}],"about":[{"href":"https:\/\/honorata-skarbek.com\/sl\/wp-json\/wp\/v2\/types\/page"}],"author":[{"embeddable":true,"href":"https:\/\/honorata-skarbek.com\/sl\/wp-json\/wp\/v2\/users\/1"}],"replies":[{"embeddable":true,"href":"https:\/\/honorata-skarbek.com\/sl\/wp-json\/wp\/v2\/comments?post=2"}],"version-history":[{"count":0,"href":"https:\/\/honorata-skarbek.com\/sl\/wp-json\/wp\/v2\/pages\/2\/revisions"}],"wp:attachment":[{"href":"https:\/\/honorata-skarbek.com\/sl\/wp-json\/wp\/v2\/media?parent=2"}],"curies":[{"name":"wp","href":"https:\/\/api.w.org\/{rel}","templated":true}]}}