{"id":3,"date":"2021-02-02T06:42:18","date_gmt":"2021-02-02T06:42:18","guid":{"rendered":"https:\/\/honorata-skarbek.com\/?page_id=3"},"modified":"2023-08-18T13:23:02","modified_gmt":"2023-08-18T13:23:02","slug":"politika-zasebnosti","status":"publish","type":"page","link":"https:\/\/honorata-skarbek.com\/sl\/politika-zasebnosti\/","title":{"rendered":"Pravilnik o zasebnosti"},"content":{"rendered":"<div id=\"ez-toc-container\" class=\"ez-toc-v2_0_82_2 counter-hierarchy ez-toc-counter ez-toc-light-blue ez-toc-container-direction\">\n<p class=\"ez-toc-title\" style=\"cursor:inherit\">Vsebina<\/p>\n<label for=\"ez-toc-cssicon-toggle-item-69e61f75e9182\" class=\"ez-toc-cssicon-toggle-label\"><span class=\"\"><span class=\"eztoc-hide\" style=\"display:none;\">Toggle<\/span><span class=\"ez-toc-icon-toggle-span\"><svg style=\"fill: #999;color:#999\" xmlns=\"http:\/\/www.w3.org\/2000\/svg\" class=\"list-377408\" width=\"20px\" height=\"20px\" viewbox=\"0 0 24 24\" fill=\"none\"><path d=\"M6 6H4v2h2V6zm14 0H8v2h12V6zM4 11h2v2H4v-2zm16 0H8v2h12v-2zM4 16h2v2H4v-2zm16 0H8v2h12v-2z\" fill=\"currentColor\"><\/path><\/svg><svg style=\"fill: #999;color:#999\" class=\"arrow-unsorted-368013\" xmlns=\"http:\/\/www.w3.org\/2000\/svg\" width=\"10px\" height=\"10px\" viewbox=\"0 0 24 24\" version=\"1.2\" baseprofile=\"tiny\"><path d=\"M18.2 9.3l-6.2-6.3-6.2 6.3c-.2.2-.3.4-.3.7s.1.5.3.7c.2.2.4.3.7.3h11c.3 0 .5-.1.7-.3.2-.2.3-.5.3-.7s-.1-.5-.3-.7zM5.8 14.7l6.2 6.3 6.2-6.3c.2-.2.3-.5.3-.7s-.1-.5-.3-.7c-.2-.2-.4-.3-.7-.3h-11c-.3 0-.5.1-.7.3-.2.2-.3.5-.3.7s.1.5.3.7z\"\/><\/svg><\/span><\/span><\/label><input type=\"checkbox\"  id=\"ez-toc-cssicon-toggle-item-69e61f75e9182\" checked aria-label=\"Toggle\" \/><nav><ul class='ez-toc-list ez-toc-list-level-1' ><li class='ez-toc-page-1 ez-toc-heading-level-2'><a class=\"ez-toc-link ez-toc-heading-1\" href=\"https:\/\/honorata-skarbek.com\/sl\/politika-zasebnosti\/#Gromadzenie_informacji_i_ochrona_danych_osobowych\" >Zbiranje informacij in varstvo osebnih podatkov<\/a><\/li><li class='ez-toc-page-1 ez-toc-heading-level-2'><a class=\"ez-toc-link ez-toc-heading-2\" href=\"https:\/\/honorata-skarbek.com\/sl\/politika-zasebnosti\/#Komentarze\" >Komentarji<\/a><\/li><li class='ez-toc-page-1 ez-toc-heading-level-2'><a class=\"ez-toc-link ez-toc-heading-3\" href=\"https:\/\/honorata-skarbek.com\/sl\/politika-zasebnosti\/#Formularz_kontaktowy\" >Kontaktni obrazec<\/a><\/li><li class='ez-toc-page-1 ez-toc-heading-level-2'><a class=\"ez-toc-link ez-toc-heading-4\" href=\"https:\/\/honorata-skarbek.com\/sl\/politika-zasebnosti\/#Pliki_cookies\" >Pi\u0161kotki<\/a><\/li><li class='ez-toc-page-1 ez-toc-heading-level-2'><a class=\"ez-toc-link ez-toc-heading-5\" href=\"https:\/\/honorata-skarbek.com\/sl\/politika-zasebnosti\/#Prawo_dostepu_do_danych\" >Pravica do dostopa do podatkov<\/a><\/li><li class='ez-toc-page-1 ez-toc-heading-level-2'><a class=\"ez-toc-link ez-toc-heading-6\" href=\"https:\/\/honorata-skarbek.com\/sl\/politika-zasebnosti\/#Logi_serwera\" >Dnevniki stre\u017enika<\/a><\/li><li class='ez-toc-page-1 ez-toc-heading-level-2'><a class=\"ez-toc-link ez-toc-heading-7\" href=\"https:\/\/honorata-skarbek.com\/sl\/politika-zasebnosti\/#Zgoda\" >Soglasje<\/a><\/li><\/ul><\/nav><\/div>\n\n<p>Pravilnik o zasebnosti<\/p>\n\n\n\n<p>Zaradi va\u0161e varnosti in zasebnosti smo pripravili dokument, v katerem najdete pravila za obdelavo osebnih podatkov in uporabo pi\u0161kotkov v zvezi z uporabo spletnega mesta https:\/\/honorata-skarbek.com\/.<\/p>\n\n\n\n<h2 class=\"wp-block-heading\"><span class=\"ez-toc-section\" id=\"Gromadzenie_informacji_i_ochrona_danych_osobowych\"><\/span><strong>Zbiranje informacij in varstvo osebnih podatkov<\/strong><span class=\"ez-toc-section-end\"><\/span><\/h2>\n\n\n\n<p>Spletno mesto je v skladu z veljavno zakonodajo o varstvu podatkov, njegov skrbnik pa si prizadeva, da bi se vse osebe, ki uporabljajo spletno mesto, po\u010dutile varne.<\/p>\n\n\n\n<p>Posredovani osebni podatki bodo ustrezno za\u0161\u010diteni, tako da ne bodo pri\u0161li v roke nepoobla\u0161\u010denim osebam. Prav tako ne bodo preneseni, ponovno prodani ali zlorabljeni. Upo\u0161tevajte, da je posredovanje osebnih podatkov vedno prostovoljno, vendar je potrebno tudi za dodajanje komentarjev na blog ali za stik z nami prek kontaktnega obrazca.<\/p>\n\n\n\n<h2 class=\"wp-block-heading\"><span class=\"ez-toc-section\" id=\"Komentarze\"><\/span><strong>Komentarji<\/strong><span class=\"ez-toc-section-end\"><\/span><\/h2>\n\n\n\n<p>Ko obiskovalec spletnega mesta pusti komentar, zberemo podatke, ki so vidni v obrazcu za komentar, ter obiskoval\u010dev naslov IP in podpis brskalnika kot pomo\u010d pri odkrivanju ne\u017eelene po\u0161te. Oddajanje komentarjev je povsem prostovoljno. Vendar pa z odlo\u010ditvijo, da pustite komentar, sogla\u0161ate z obdelavo osebnih podatkov, ki jih posredujete.<\/p>\n\n\n\n<h2 class=\"wp-block-heading\"><span class=\"ez-toc-section\" id=\"Formularz_kontaktowy\"><\/span><strong>Kontaktni obrazec<\/strong><span class=\"ez-toc-section-end\"><\/span><\/h2>\n\n\n\n<p>Na spletnem mestu https:\/\/honorata-skarbek.com\/kontakt\/ je na voljo kontaktni obrazec, ki ga lahko uporabite za stik z nami. Izpolnitev kontaktnega obrazca zahteva predlo\u017eitev osebnih podatkov, ki se uporabijo za vzpostavitev stika z osebo, ki je predlo\u017eila obrazec, da bi odgovorili na poizvedbo ali zahtevo. Podatke, poslane prek obrazca, hranimo za namene storitev za stranke za nedolo\u010den \u010das, vendar se tako pridobljeni podatki ne uporabljajo za namene tr\u017eenja.<\/p>\n\n\n\n<h2 class=\"wp-block-heading\"><span class=\"ez-toc-section\" id=\"Pliki_cookies\"><\/span><strong>Pi\u0161kotki<\/strong><span class=\"ez-toc-section-end\"><\/span><\/h2>\n\n\n\n<p>Spletno mesto uporablja pi\u0161kotke, ki se uporabljajo za prilagajanje vsebine spletnih strani, da se stran pravilno prika\u017ee na uporabnikovi napravi, za ustvarjanje statisti\u010dnih podatkov, ki nam pomagajo razumeti, kako uporabniki spletnega mesta uporabljajo spletna mesta in katere strani spletnega mesta so najbolj priljubljene, ter za zagotavljanje oglasnih vsebin uporabnikom glede na njihove interese.<\/p>\n\n\n\n<p>Ko prvi\u010d obi\u0161\u010dete blog, se prika\u017ee obvestilo o uporabi pi\u0161kotkov. Sprejetje tega obvestila pomeni, da se strinjate z uporabo pi\u0161kotkov v skladu z dolo\u010dbami te politike zasebnosti. To soglasje lahko vedno prekli\u010dete. To storite tako, da izbri\u0161ete pi\u0161kotke in spremenite nastavitve pi\u0161kotkov v svojem brskalniku.<\/p>\n\n\n\n<p>Uporabljeni pi\u0161kotki ne shranjujejo nobenih osebnih podatkov ali drugih informacij, zbranih od uporabnikov, in se zbirajo le v statisti\u010dne namene.<\/p>\n\n\n\n<p>Blog uporablja naslednje vrste pi\u0161kotkov:<\/p>\n\n\n\n<ul class=\"wp-block-list\">\n<li>Bistveni - pi\u0161kotki prispevajo k uporabnosti spletnega mesta, saj omogo\u010dajo osnovne funkcije, kot sta navigacija po spletnem mestu in dostop do varnih obmo\u010dij spletnega mesta. Brez teh pi\u0161kotkov spletno mesto ne more pravilno delovati.<\/li>\n\n\n\n<li>Nastavitve - pi\u0161kotki prispevajo k uporabnosti spletnega mesta, saj omogo\u010dajo osnovne funkcije, kot sta navigacija po spletnem mestu in dostop do varnih obmo\u010dij spletnega mesta. Brez teh pi\u0161kotkov spletno mesto ne more pravilno delovati.<\/li>\n\n\n\n<li>Statistika - statisti\u010dni pi\u0161kotki pomagajo lastnikom spletnih mest razumeti, kako se razli\u010dni uporabniki obna\u0161ajo na spletnem mestu, saj zbirajo in poro\u010dajo o anonimnih informacijah, npr. metrika Yandex - uporablja se za zbiranje informacij o dejanjih uporabnikov na spletnem mestu - statistika prometa, \u0161tevilo klikov in zapisi posameznih sej. Tako lahko spremljamo izku\u0161nje uporabnikov pri interakciji s spletnim mestom, kar nam bo v neprecenljivo pomo\u010d pri optimizaciji spletnega mesta. Te podatke zbiramo za analizo vsebine in zanimanja uporabnikov, da lahko ustvarjamo vsebine o temah, ki so blizu interesom na\u0161ih bralcev.<\/li>\n\n\n\n<li>Nerazvr\u0161\u010deni - nerazvr\u0161\u010deni pi\u0161kotki so pi\u0161kotki, ki so v postopku razvr\u0161\u010danja, skupaj s ponudniki posameznih pi\u0161kotkov.<\/li>\n<\/ul>\n\n\n\n<h2 class=\"wp-block-heading\"><span class=\"ez-toc-section\" id=\"Prawo_dostepu_do_danych\"><\/span><strong>Pravica do dostopa do podatkov<\/strong><span class=\"ez-toc-section-end\"><\/span><\/h2>\n\n\n\n<p>V zvezi z obdelavo va\u0161ih osebnih podatkov imate naslednje pravice:<\/p>\n\n\n\n<ul class=\"wp-block-list\">\n<li>Pravica, da od upravljavca zahtevate dostop do svojih osebnih podatkov;<\/li>\n\n\n\n<li>pravica do popravka podatkov;<\/li>\n\n\n\n<li>pravico do izbrisa;<\/li>\n\n\n\n<li>pravico do omejitve obdelave;<\/li>\n\n\n\n<li>Pravica do ugovora obdelavi;<\/li>\n\n\n\n<li>pravica do prenosljivosti podatkov (\u010de je to tehni\u010dno mogo\u010de);<\/li>\n\n\n\n<li>pravico do preklica privolitve za obdelavo osebnih podatkov za dolo\u010den namen, \u010de je bila tak\u0161na privolitev predhodno dana;<\/li>\n\n\n\n<li>Pravica do vlo\u017eitve prito\u017ebe pri nadzornem organu v zvezi z obdelavo osebnih podatkov.<\/li>\n<\/ul>\n\n\n\n<h2 class=\"wp-block-heading\"><span class=\"ez-toc-section\" id=\"Logi_serwera\"><\/span><strong>Dnevniki stre\u017enika<\/strong><span class=\"ez-toc-section-end\"><\/span><\/h2>\n\n\n\n<p>Uporaba spletnega mesta vklju\u010duje po\u0161iljanje zahtevkov stre\u017eniku, na katerem je shranjeno spletno mesto. Vsaka zahteva, poslana stre\u017eniku, se zabele\u017ei v stre\u017eni\u0161kih dnevnikih.<\/p>\n\n\n\n<p>Dnevniki med drugim vklju\u010dujejo va\u0161 naslov IP, datum in \u010das stre\u017enika, informacije o va\u0161em spletnem brskalniku in operacijskem sistemu, ki ga uporabljate. Dnevniki se shranjujejo in hranijo v stre\u017eniku.<\/p>\n\n\n\n<p>Podatki, shranjeni v dnevnikih stre\u017enika, niso povezani s posameznimi uporabniki spletnega mesta in se ne uporabljajo za identifikacijo uporabnika.<\/p>\n\n\n\n<p>Stre\u017eni\u0161ki dnevniki so le pomo\u017eno gradivo za upravljanje spletnega mesta, njihova vsebina pa ni razkrita nikomur drugemu kot tistim, ki so poobla\u0161\u010deni za upravljanje stre\u017enika.<\/p>\n\n\n\n<h2 class=\"wp-block-heading\"><span class=\"ez-toc-section\" id=\"Zgoda\"><\/span><strong>Soglasje<\/strong><span class=\"ez-toc-section-end\"><\/span><\/h2>\n\n\n\n<p><strong>Z uporabo spletnega mesta https:\/\/www.honorata-skarbek.com\/ izjavljate, da ste prebrali na\u0161 pravilnik o zasebnosti in se z njim strinjate.<\/strong><\/p>\n\n\n\n<p>To spletno mesto vsebuje \u010dlanke, ki temeljijo na subjektivnih mnenjih, in ne predstavlja zdravni\u0161kega nasveta. Ne odgovarjamo za napa\u010dno uporabo informacij, ki jih vsebuje spletna stran. Prehranska dopolnila so namenjena le dopolnjevanju obi\u010dajne prehrane in nimajo zdravilnih lastnosti. Pred nakupom izdelkov preverite vsebino, statisti\u010dne podatke in navedbe, ki jih vsebujejo, pri proizvajalcu. \u010ce dvomite o vsebini, objavljeni na tem mestu <a href=\"https:\/\/honorata-skarbek.com\/sl\/kontaktirajte\/\" target=\"_blank\" data-type=\"page\" data-id=\"18\" rel=\"noreferrer noopener\">stopite v stik z nami.<\/a><\/p>\n\n\n\n<p><\/p>","protected":false},"excerpt":{"rendered":"<p>Polityka Prywatno\u015bci W trosce o Twoje bezpiecze\u0144stwo i prywatno\u015b\u0107 przygotowali\u015bmy dokument, w kt\u00f3rym znajdziesz zasady przetwarzania danych osobowych oraz wykorzystania plik\u00f3w cookies w zwi\u0105zku z korzystaniem ze strony internetowej https:\/\/honorata-skarbek.com\/. Gromadzenie informacji i ochrona danych osobowych Strona przestrzega aktualnych przepis\u00f3w o ochronie danych osobowych, a jej administrator dok\u0142ada wszelkich stara\u0144, by wszystkie osoby korzystaj\u0105ce z &#8230; <a title=\"Pravilnik o zasebnosti\" class=\"read-more\" href=\"https:\/\/honorata-skarbek.com\/sl\/politika-zasebnosti\/\" aria-label=\"More on Polityka Prywatno\u015bci\">Preberi ve\u010d<\/a><\/p>","protected":false},"author":1,"featured_media":0,"parent":0,"menu_order":0,"comment_status":"closed","ping_status":"open","template":"","meta":{"footnotes":""},"class_list":["post-3","page","type-page","status-publish"],"_links":{"self":[{"href":"https:\/\/honorata-skarbek.com\/sl\/wp-json\/wp\/v2\/pages\/3","targetHints":{"allow":["GET"]}}],"collection":[{"href":"https:\/\/honorata-skarbek.com\/sl\/wp-json\/wp\/v2\/pages"}],"about":[{"href":"https:\/\/honorata-skarbek.com\/sl\/wp-json\/wp\/v2\/types\/page"}],"author":[{"embeddable":true,"href":"https:\/\/honorata-skarbek.com\/sl\/wp-json\/wp\/v2\/users\/1"}],"replies":[{"embeddable":true,"href":"https:\/\/honorata-skarbek.com\/sl\/wp-json\/wp\/v2\/comments?post=3"}],"version-history":[{"count":0,"href":"https:\/\/honorata-skarbek.com\/sl\/wp-json\/wp\/v2\/pages\/3\/revisions"}],"wp:attachment":[{"href":"https:\/\/honorata-skarbek.com\/sl\/wp-json\/wp\/v2\/media?parent=3"}],"curies":[{"name":"wp","href":"https:\/\/api.w.org\/{rel}","templated":true}]}}